{"id":13976,"date":"2015-09-23T16:55:33","date_gmt":"2015-09-23T16:55:33","guid":{"rendered":"https:\/\/majakenda.com\/contact\/"},"modified":"2026-03-20T01:58:51","modified_gmt":"2026-03-20T01:58:51","slug":"kontaktirajme","status":"publish","type":"page","link":"https:\/\/majakenda.com\/sl\/kontaktirajme\/","title":{"rendered":"Kontakt"},"content":{"rendered":"<p>[vc_row full_width=&#8221;stretch_row&#8221; content_placement=&#8221;top&#8221; parallax=&#8221;content-moving&#8221; parallax_image=&#8221;13730&#8243; css=&#8221;.vc_custom_1773145445998{padding-top: 15vh !important;padding-bottom: 15vh !important;background-position: 0 0;background-repeat: no-repeat !important;}&#8221;][vc_column][vc_column_text css=&#8221;.vc_custom_1773908261544{margin-bottom: 0px !important;padding-bottom: 0px !important;}&#8221;]<\/p>\n<h1 class=\"uppercase mb0\" style=\"text-align: center;\">Kontakt<\/h1>\n<h4 style=\"text-align: center;\">\u010ce moje delo rezonira s teboj, sledi ob\u010dutku in mi pi\u0161i<\/h4>\n<p>[\/vc_column_text][\/vc_column][\/vc_row][vc_row full_width=&#8221;stretch_row&#8221;][vc_column][vc_row_inner][vc_column_inner width=&#8221;1\/2&#8243; css=&#8221;.vc_custom_1773158364469{padding-top: 1em !important;padding-right: 1em !important;padding-bottom: 1em !important;padding-left: 1em !important;background-color: #ffffff !important;}&#8221;][vc_column_text]<\/p>\n<h4 class=\"uppercase\">IndividualnI pristop<\/h4>\n<p>Za informacije o indiviudalnih terapijah:[\/vc_column_text]\n<div class=\"wpcf7 no-js\" id=\"wpcf7-f13980-o1\" lang=\"en-US\" dir=\"ltr\" data-wpcf7-id=\"13980\">\n<div class=\"screen-reader-response\"><p role=\"status\" aria-live=\"polite\" aria-atomic=\"true\"><\/p> <ul><\/ul><\/div>\n<form action=\"\/sl\/wp-json\/wp\/v2\/pages\/13976#wpcf7-f13980-o1\" method=\"post\" class=\"wpcf7-form init\" aria-label=\"Contact form\" novalidate=\"novalidate\" data-status=\"init\">\n<fieldset class=\"hidden-fields-container\"><input type=\"hidden\" name=\"_wpcf7\" value=\"13980\" \/><input type=\"hidden\" name=\"_wpcf7_version\" value=\"6.1.5\" \/><input type=\"hidden\" name=\"_wpcf7_locale\" value=\"en_US\" \/><input type=\"hidden\" name=\"_wpcf7_unit_tag\" value=\"wpcf7-f13980-o1\" \/><input type=\"hidden\" name=\"_wpcf7_container_post\" value=\"0\" \/><input type=\"hidden\" name=\"_wpcf7_posted_data_hash\" value=\"\" \/>\n<\/fieldset>\n<div class=\"wpcf7-turnstile cf-turnstile\" data-sitekey=\"0x4AAAAAAC2PaiWc73Cg5_R3\" data-response-field-name=\"_wpcf7_turnstile_response\"><\/div>\n\n<p><label> Ime (obvezno)<br \/>\n<span class=\"wpcf7-form-control-wrap\" data-name=\"your-name\"><input size=\"40\" maxlength=\"400\" class=\"wpcf7-form-control wpcf7-text wpcf7-validates-as-required\" aria-required=\"true\" aria-invalid=\"false\" value=\"\" type=\"text\" name=\"your-name\" \/><\/span> <\/label>\n<\/p>\n<p><label> E-naslov (obvezno)<br \/>\n<span class=\"wpcf7-form-control-wrap\" data-name=\"your-email\"><input size=\"40\" maxlength=\"400\" class=\"wpcf7-form-control wpcf7-email wpcf7-validates-as-required wpcf7-text wpcf7-validates-as-email\" aria-required=\"true\" aria-invalid=\"false\" value=\"\" type=\"email\" name=\"your-email\" \/><\/span> <\/label>\n<\/p>\n<p><label> Kateri izziv vas je pripeljal k meni? Opi\u0161ite svoj problem in kako je vplival na va\u0161e fizi\u010dno, du\u0161evno in \u010dustveno po\u010dutje.<br \/>\n<span class=\"wpcf7-form-control-wrap\" data-name=\"questionone\"><input size=\"40\" maxlength=\"400\" class=\"wpcf7-form-control wpcf7-text\" aria-invalid=\"false\" value=\"\" type=\"text\" name=\"questionone\" \/><\/span> <\/label>\n<\/p>\n<p><label> Kaj si doslej storil za izbolj\u0161anje svojega po\u010dutja?<br \/>\n<span class=\"wpcf7-form-control-wrap\" data-name=\"questiontwo\"><input size=\"40\" maxlength=\"400\" class=\"wpcf7-form-control wpcf7-text\" aria-invalid=\"false\" value=\"\" type=\"text\" name=\"questiontwo\" \/><\/span> <\/label>\n<\/p>\n<p><label> Kaj si pripravljen storiti, da bi se izbolj\u0161al, spremenil razmere in izbolj\u0161al svoje po\u010dutje?<br \/>\n<span class=\"wpcf7-form-control-wrap\" data-name=\"questiontree\"><input size=\"40\" maxlength=\"400\" class=\"wpcf7-form-control wpcf7-text\" aria-invalid=\"false\" value=\"\" type=\"text\" name=\"questiontree\" \/><\/span> <\/label>\n<\/p>\n<p><label> Sporo\u010dilo<br \/>\n<span class=\"wpcf7-form-control-wrap\" data-name=\"your-message\"><textarea cols=\"40\" rows=\"10\" maxlength=\"2000\" class=\"wpcf7-form-control wpcf7-textarea\" aria-invalid=\"false\" name=\"your-message\"><\/textarea><\/span> <\/label>\n<\/p>\n<p><span class=\"wpcf7-form-control-wrap\" data-name=\"acceptance-512\"><span class=\"wpcf7-form-control wpcf7-acceptance\"><span class=\"wpcf7-list-item\"><label><input type=\"checkbox\" name=\"acceptance-512\" value=\"1\" aria-invalid=\"false\" \/><span class=\"wpcf7-list-item-label\">Strinjam se, da ta spletna stran shrani moje posredovane podatke, da mi lahko odgovori na moje vpra\u0161anje.<\/span><\/label><\/span><\/span><\/span><br \/>\n<input class=\"wpcf7-form-control wpcf7-submit has-spinner\" type=\"submit\" value=\"Send\" \/>\n<\/p><p style=\"display: none !important;\" class=\"akismet-fields-container\" data-prefix=\"_wpcf7_ak_\"><label>&#916;<textarea name=\"_wpcf7_ak_hp_textarea\" cols=\"45\" rows=\"8\" maxlength=\"100\"><\/textarea><\/label><input type=\"hidden\" id=\"ak_js_1\" name=\"_wpcf7_ak_js\" value=\"64\"\/><script>document.getElementById( \"ak_js_1\" ).setAttribute( \"value\", ( new Date() ).getTime() );<\/script><\/p><input type='hidden' class='wpcf7-pum' value='{\"closepopup\":false,\"closedelay\":0,\"openpopup\":false,\"openpopup_id\":0}' \/><div class=\"wpcf7-response-output\" aria-hidden=\"true\"><\/div>\n<\/form>\n<\/div>\n[\/vc_column_inner][vc_column_inner width=&#8221;1\/2&#8243; css=&#8221;.vc_custom_1773158358628{padding-top: 1em !important;padding-right: 1em !important;padding-bottom: 1em !important;padding-left: 1em !important;background-color: #ffffff !important;}&#8221;][vc_column_text]<\/p>\n<h4 class=\"uppercase\">KONTAKT<\/h4>\n<p>Za vsa splo\u0161na vpra\u0161anja:[\/vc_column_text]\n<div class=\"wpcf7 no-js\" id=\"wpcf7-f13979-o2\" lang=\"en-US\" dir=\"ltr\" data-wpcf7-id=\"13979\">\n<div class=\"screen-reader-response\"><p role=\"status\" aria-live=\"polite\" aria-atomic=\"true\"><\/p> <ul><\/ul><\/div>\n<form action=\"\/sl\/wp-json\/wp\/v2\/pages\/13976#wpcf7-f13979-o2\" method=\"post\" class=\"wpcf7-form init\" aria-label=\"Contact form\" novalidate=\"novalidate\" data-status=\"init\">\n<fieldset class=\"hidden-fields-container\"><input type=\"hidden\" name=\"_wpcf7\" value=\"13979\" \/><input type=\"hidden\" name=\"_wpcf7_version\" value=\"6.1.5\" \/><input type=\"hidden\" name=\"_wpcf7_locale\" value=\"en_US\" \/><input type=\"hidden\" name=\"_wpcf7_unit_tag\" value=\"wpcf7-f13979-o2\" \/><input type=\"hidden\" name=\"_wpcf7_container_post\" value=\"0\" \/><input type=\"hidden\" name=\"_wpcf7_posted_data_hash\" value=\"\" \/>\n<\/fieldset>\n<div class=\"wpcf7-turnstile cf-turnstile\" data-sitekey=\"0x4AAAAAAC2PaiWc73Cg5_R3\" data-response-field-name=\"_wpcf7_turnstile_response\"><\/div>\n\n<p><label> Ime (obvezno)<br \/>\n<span class=\"wpcf7-form-control-wrap\" data-name=\"your-name\"><input size=\"40\" maxlength=\"400\" class=\"wpcf7-form-control wpcf7-text wpcf7-validates-as-required\" aria-required=\"true\" aria-invalid=\"false\" value=\"\" type=\"text\" name=\"your-name\" \/><\/span> <\/label>\n<\/p>\n<p><label> E-mail (obvezno)<br \/>\n<span class=\"wpcf7-form-control-wrap\" data-name=\"your-email\"><input size=\"40\" maxlength=\"400\" class=\"wpcf7-form-control wpcf7-email wpcf7-validates-as-required wpcf7-text wpcf7-validates-as-email\" aria-required=\"true\" aria-invalid=\"false\" value=\"\" type=\"email\" name=\"your-email\" \/><\/span> <\/label>\n<\/p>\n<p><label> Naslov<br \/>\n<span class=\"wpcf7-form-control-wrap\" data-name=\"your-subject\"><input size=\"40\" maxlength=\"400\" class=\"wpcf7-form-control wpcf7-text\" aria-invalid=\"false\" value=\"\" type=\"text\" name=\"your-subject\" \/><\/span> <\/label>\n<\/p>\n<p><label> Spro\u010dilo<br \/>\n<span class=\"wpcf7-form-control-wrap\" data-name=\"your-message\"><textarea cols=\"40\" rows=\"10\" maxlength=\"2000\" class=\"wpcf7-form-control wpcf7-textarea\" aria-invalid=\"false\" name=\"your-message\"><\/textarea><\/span> <\/label>\n<\/p>\n<p><span class=\"wpcf7-form-control-wrap\" data-name=\"acceptance-512\"><span class=\"wpcf7-form-control wpcf7-acceptance\"><span class=\"wpcf7-list-item\"><label><input type=\"checkbox\" name=\"acceptance-512\" value=\"1\" aria-invalid=\"false\" \/><span class=\"wpcf7-list-item-label\">Strinjam se, da ta spletna stran shrani moje posredovane podatke, da mi lahko odgovori na moje vpra\u0161anje.<\/span><\/label><\/span><\/span><\/span><br \/>\n<input class=\"wpcf7-form-control wpcf7-submit has-spinner\" type=\"submit\" value=\"Po\u0161lji\" \/>\n<\/p><p style=\"display: none !important;\" class=\"akismet-fields-container\" data-prefix=\"_wpcf7_ak_\"><label>&#916;<textarea name=\"_wpcf7_ak_hp_textarea\" cols=\"45\" rows=\"8\" maxlength=\"100\"><\/textarea><\/label><input type=\"hidden\" id=\"ak_js_2\" name=\"_wpcf7_ak_js\" value=\"80\"\/><script>document.getElementById( \"ak_js_2\" ).setAttribute( \"value\", ( new Date() ).getTime() );<\/script><\/p><input type='hidden' class='wpcf7-pum' value='{\"closepopup\":false,\"closedelay\":0,\"openpopup\":false,\"openpopup_id\":0}' \/><div class=\"wpcf7-response-output\" aria-hidden=\"true\"><\/div>\n<\/form>\n<\/div>\n[\/vc_column_inner][\/vc_row_inner][\/vc_column][\/vc_row][vc_row full_width=&#8221;stretch_row&#8221; css=&#8221;.vc_custom_1773148593263{margin-bottom: 0px !important;padding-top: 7% !important;padding-right: 0px !important;padding-bottom: 7% !important;padding-left: 0px !important;background-image: url(https:\/\/majakenda.com\/wp-content\/uploads\/2026\/02\/ozadje-roza-e1772190365506.png?id=13193) !important;background-position: center !important;background-repeat: no-repeat !important;background-size: cover !important;}&#8221;][vc_column][vc_row_inner css=&#8221;.vc_custom_1772805214731{margin-top: 0px !important;margin-bottom: 0px !important;border-top-width: 0px !important;border-bottom-width: 0px !important;padding-top: 0px !important;padding-bottom: 0px !important;}&#8221; el_class=&#8221;spodaj autoritetabuilder&#8221;][vc_column_inner width=&#8221;1\/6&#8243; css=&#8221;.vc_custom_1772607139578{padding-top: 0px !important;}&#8221;][\/vc_column_inner][vc_column_inner width=&#8221;2\/6&#8243; css=&#8221;.vc_custom_1772607145322{padding-top: 0px !important;}&#8221;][vc_cta h2=&#8221;JEZIKI&#8221; h2_font_container=&#8221;tag:p|text_align:center|color:%23333333&#8243; h2_use_theme_fonts=&#8221;yes&#8221; h4=&#8221;angle\u0161ki in slovenski&#8221; h4_font_container=&#8221;tag:h5|text_align:center|color:rgba(51%2C51%2C51%2C0.75)&#8221; h4_use_theme_fonts=&#8221;yes&#8221; txt_align=&#8221;center&#8221; shape=&#8221;round&#8221; style=&#8221;custom&#8221; el_width=&#8221;xl&#8221; use_custom_fonts_h2=&#8221;true&#8221; use_custom_fonts_h4=&#8221;true&#8221; custom_background=&#8221;rgba(255,255,255,0.12)&#8221; custom_text=&#8221;#333333&#8243; css=&#8221;.vc_custom_1773736673786{border-top-width: 1px !important;border-right-width: 1px !important;border-bottom-width: 1px !important;border-left-width: 1px !important;border-left-color: #ffffff !important;border-left-style: solid !important;border-right-color: #ffffff !important;border-right-style: solid !important;border-top-color: #ffffff !important;border-top-style: solid !important;border-bottom-color: #ffffff !important;border-bottom-style: solid !important;}&#8221;][\/vc_cta][\/vc_column_inner][vc_column_inner el_class=&#8221;polnasirina&#8221; width=&#8221;2\/6&#8243; css=&#8221;.vc_custom_1772818142101{padding-top: 0px !important;}&#8221;][vc_cta h2=&#8221;ODGOVORIM V&#8221; h2_font_container=&#8221;tag:p|text_align:center|color:%23333333&#8243; h2_use_theme_fonts=&#8221;yes&#8221; h4=&#8221;48 urah&#8221; h4_font_container=&#8221;tag:h5|text_align:center|color:rgba(51%2C51%2C51%2C0.75)&#8221; h4_use_theme_fonts=&#8221;yes&#8221; txt_align=&#8221;center&#8221; shape=&#8221;round&#8221; style=&#8221;custom&#8221; el_width=&#8221;xl&#8221; use_custom_fonts_h2=&#8221;true&#8221; use_custom_fonts_h4=&#8221;true&#8221; custom_background=&#8221;rgba(255,255,255,0.12)&#8221; custom_text=&#8221;#333333&#8243; css=&#8221;.vc_custom_1773736694019{border-top-width: 1px !important;border-right-width: 1px !important;border-bottom-width: 1px !important;border-left-width: 1px !important;border-left-color: #ffffff !important;border-left-style: solid !important;border-right-color: #ffffff !important;border-right-style: solid !important;border-top-color: #ffffff !important;border-top-style: solid !important;border-bottom-color: #ffffff !important;border-bottom-style: solid !important;}&#8221;][\/vc_cta][\/vc_column_inner][vc_column_inner width=&#8221;1\/6&#8243; css=&#8221;.vc_custom_1772607154950{padding-top: 0px !important;}&#8221;][\/vc_column_inner][\/vc_row_inner][\/vc_column][\/vc_row][vc_row full_width=&#8221;stretch_row&#8221; css=&#8221;.vc_custom_1773244909036{background-position: center !important;background-repeat: no-repeat !important;background-size: cover !important;}&#8221;][vc_column][vc_column_text]<\/p>\n<div class=\"flex flex-col text-sm pb-25\">\n<article class=\"text-token-text-primary w-full focus:outline-none [--shadow-height:45px] has-data-writing-block:pointer-events-none has-data-writing-block:-mt-(--shadow-height) has-data-writing-block:pt-(--shadow-height) [&amp;:has([data-writing-block])&gt;*]:pointer-events-auto scroll-mt-[calc(var(--header-height)+min(200px,max(70px,20svh)))]\" dir=\"auto\" tabindex=\"-1\" data-turn-id=\"request-WEB:f0a4b113-1a17-483d-98ae-f53bc19c19ea-56\" data-testid=\"conversation-turn-114\" data-scroll-anchor=\"true\" data-turn=\"assistant\">\n<div class=\"text-base my-auto mx-auto pb-10 [--thread-content-margin:var(--thread-content-margin-xs,calc(var(--spacing)*4))] @w-sm\/main:[--thread-content-margin:var(--thread-content-margin-sm,calc(var(--spacing)*6))] @w-lg\/main:[--thread-content-margin:var(--thread-content-margin-lg,calc(var(--spacing)*16))] px-(--thread-content-margin)\">\n<div class=\"[--thread-content-max-width:40rem] @w-lg\/main:[--thread-content-max-width:48rem] mx-auto max-w-(--thread-content-max-width) flex-1 group\/turn-messages focus-visible:outline-hidden relative flex w-full min-w-0 flex-col agent-turn\" tabindex=\"-1\">\n<div class=\"flex max-w-full flex-col gap-4 grow\">\n<div class=\"min-h-8 text-message relative flex w-full flex-col items-end gap-2 text-start break-words whitespace-normal [.text-message+&amp;]:mt-1\" dir=\"auto\" data-message-author-role=\"assistant\" data-message-id=\"f18d4362-208d-4694-9c4e-f91ff97efb89\" data-message-model-slug=\"gpt-5-3\">\n<div class=\"flex w-full flex-col gap-1 empty:hidden\">\n<div class=\"markdown prose dark:prose-invert w-full wrap-break-word light markdown-new-styling\">\n<h4 style=\"text-align: center;\" data-start=\"312\" data-end=\"411\">Kmalu bomo ponovno v stiku.<\/h4>\n<\/div>\n<\/div>\n<\/div>\n<\/div>\n<div class=\"z-0 flex min-h-[46px] justify-start\"><\/div>\n<div class=\"mt-3 w-full empty:hidden\">\n<div class=\"text-center\"><\/div>\n<\/div>\n<\/div>\n<\/div>\n<\/article>\n<\/div>\n<div class=\"pointer-events-none h-px w-px absolute bottom-0\" aria-hidden=\"true\" data-edge=\"true\"><\/div>\n<p>[\/vc_column_text][\/vc_column][\/vc_row]<\/p>\n","protected":false},"excerpt":{"rendered":"<p>[vc_row full_width=&#8221;stretch_row&#8221; content_placement=&#8221;top&#8221; parallax=&#8221;content-moving&#8221; parallax_image=&#8221;13730&#8243; css=&#8221;.vc_custom_1773145445998{padding-top: 15vh !important;padding-bottom: 15vh !important;background-position: 0 0;background-repeat: no-repeat !important;}&#8221;][vc_column][vc_column_text css=&#8221;.vc_custom_1773908261544{margin-bottom: 0px !important;padding-bottom: 0px !important;}&#8221;] Kontakt \u010ce moje delo rezonira s teboj, sledi ob\u010dutku in mi pi\u0161i [\/vc_column_text][\/vc_column][\/vc_row][vc_row full_width=&#8221;stretch_row&#8221;][vc_column][vc_row_inner][vc_column_inner width=&#8221;1\/2&#8243; css=&#8221;.vc_custom_1773158364469{padding-top: 1em !important;padding-right: 1em !important;padding-bottom: 1em !important;padding-left: 1em !important;background-color: #ffffff !important;}&#8221;][vc_column_text] IndividualnI pristop Za informacije o indiviudalnih terapijah:[\/vc_column_text][\/vc_column_inner][vc_column_inner width=&#8221;1\/2&#8243; css=&#8221;.vc_custom_1773158358628{padding-top: 1em [&hellip;]<\/p>\n","protected":false},"author":1,"featured_media":0,"parent":0,"menu_order":0,"comment_status":"closed","ping_status":"closed","template":"","meta":{"_uag_custom_page_level_css":"","footnotes":""},"class_list":["post-13976","page","type-page","status-publish","hentry"],"uagb_featured_image_src":{"full":false,"thumbnail":false,"medium":false,"medium_large":false,"large":false,"1536x1536":false,"2048x2048":false,"widget-thumbnail":false,"blog-full":false,"admin-list-thumb":false,"woocommerce_thumbnail":false,"woocommerce_single":false,"woocommerce_gallery_thumbnail":false},"uagb_author_info":{"display_name":"centerdih","author_link":"https:\/\/majakenda.com\/sl\/author\/centerdih\/"},"uagb_comment_info":0,"uagb_excerpt":"[vc_row full_width=&#8221;stretch_row&#8221; content_placement=&#8221;top&#8221; parallax=&#8221;content-moving&#8221; parallax_image=&#8221;13730&#8243; css=&#8221;.vc_custom_1773145445998{padding-top: 15vh !important;padding-bottom: 15vh !important;background-position: 0 0;background-repeat: no-repeat !important;}&#8221;][vc_column][vc_column_text css=&#8221;.vc_custom_1773908261544{margin-bottom: 0px !important;padding-bottom: 0px !important;}&#8221;] Kontakt \u010ce moje delo rezonira s teboj, sledi ob\u010dutku in mi pi\u0161i [\/vc_column_text][\/vc_column][\/vc_row][vc_row full_width=&#8221;stretch_row&#8221;][vc_column][vc_row_inner][vc_column_inner width=&#8221;1\/2&#8243; css=&#8221;.vc_custom_1773158364469{padding-top: 1em !important;padding-right: 1em !important;padding-bottom: 1em !important;padding-left: 1em !important;background-color: #ffffff !important;}&#8221;][vc_column_text] IndividualnI pristop Za informacije o indiviudalnih terapijah:[\/vc_column_text][\/vc_column_inner][vc_column_inner width=&#8221;1\/2&#8243; css=&#8221;.vc_custom_1773158358628{padding-top: 1em&hellip;","_links":{"self":[{"href":"https:\/\/majakenda.com\/sl\/wp-json\/wp\/v2\/pages\/13976","targetHints":{"allow":["GET"]}}],"collection":[{"href":"https:\/\/majakenda.com\/sl\/wp-json\/wp\/v2\/pages"}],"about":[{"href":"https:\/\/majakenda.com\/sl\/wp-json\/wp\/v2\/types\/page"}],"author":[{"embeddable":true,"href":"https:\/\/majakenda.com\/sl\/wp-json\/wp\/v2\/users\/1"}],"replies":[{"embeddable":true,"href":"https:\/\/majakenda.com\/sl\/wp-json\/wp\/v2\/comments?post=13976"}],"version-history":[{"count":9,"href":"https:\/\/majakenda.com\/sl\/wp-json\/wp\/v2\/pages\/13976\/revisions"}],"predecessor-version":[{"id":14494,"href":"https:\/\/majakenda.com\/sl\/wp-json\/wp\/v2\/pages\/13976\/revisions\/14494"}],"wp:attachment":[{"href":"https:\/\/majakenda.com\/sl\/wp-json\/wp\/v2\/media?parent=13976"}],"curies":[{"name":"wp","href":"https:\/\/api.w.org\/{rel}","templated":true}]}}