{"id":14033,"date":"2026-02-13T15:39:19","date_gmt":"2026-02-13T15:39:19","guid":{"rendered":"https:\/\/majakenda.com\/oddihi\/pot-tisine\/"},"modified":"2026-04-07T07:42:51","modified_gmt":"2026-04-07T07:42:51","slug":"pot-tisine","status":"publish","type":"page","link":"https:\/\/majakenda.com\/sl\/oddihi\/pot-tisine\/","title":{"rendered":"Pot Ti\u0161ine \u2014 Slovenija"},"content":{"rendered":"<p>[vc_row full_width=&#8221;stretch_row&#8221; css=&#8221;.vc_custom_1773146638678{margin-bottom: 0px !important;padding-top: 15vh !important;padding-bottom: 15vh !important;background-image: url(https:\/\/majakenda.com\/wp-content\/uploads\/2026\/03\/Screenshot-2026-03-09-at-09.45.38.png?id=13585) !important;background-position: center !important;background-repeat: no-repeat !important;background-size: cover !important;}&#8221; el_class=&#8221;belapisava&#8221;][vc_column width=&#8221;1\/6&#8243;][\/vc_column][vc_column width=&#8221;2\/3&#8243;][vc_column_text]<\/p>\n<h1 class=\"uppercase mb0\" style=\"text-align: center;\">Pot Ti\u0161ine<\/h1>\n<h3 style=\"text-align: center;\">4-dnevni odmik v ti\u0161ino, za \u017eenske in mo\u0161ke.<br \/>\n20.7 \u2013 23.7, Bukovica \u2013 Hrva\u0161ka<\/h3>\n<p>[\/vc_column_text][\/vc_column][vc_column width=&#8221;1\/6&#8243;][\/vc_column][\/vc_row][vc_row full_width=&#8221;stretch_row&#8221; css=&#8221;.vc_custom_1771057381068{margin-top: 5% !important;background-position: center !important;background-repeat: no-repeat !important;background-size: cover !important;}&#8221;][vc_column][vc_row_inner][vc_column_inner width=&#8221;1\/6&#8243;][\/vc_column_inner][vc_column_inner width=&#8221;2\/3&#8243;][vc_column_text]<\/p>\n<h2 class=\"uppercase mb0\" style=\"text-align: center;\">Ko trendi potihnejo<\/h2>\n<p>&nbsp;<\/p>\n<p style=\"text-align: center;\">\u017divimo v \u010dasih neskon\u010dnih mo\u017enosti. Hrup \u201cKaj vse bi mogli\u201d in kaj \u201cje res dobro za nas\u201d se\u017ee v deveto vas. Danes, je bolj kot kdajkoli, pomembno, da sli\u0161imo sebe.<\/p>\n<p>[\/vc_column_text][\/vc_column_inner][vc_column_inner width=&#8221;1\/6&#8243;][\/vc_column_inner][\/vc_row_inner][\/vc_column][\/vc_row][vc_row full_width=&#8221;stretch_row&#8221; equal_height=&#8221;yes&#8221; content_placement=&#8221;middle&#8221; parallax=&#8221;content-moving&#8221; parallax_image=&#8221;13588&#8243; css=&#8221;.vc_custom_1773146682780{margin-top: 4% !important;background-position: center;background-repeat: no-repeat !important;background-size: cover !important;}&#8221; el_class=&#8221;slikaxl&#8221;][vc_column][vc_row_inner content_placement=&#8221;middle&#8221;][vc_column_inner width=&#8221;1\/2&#8243;][vc_column_text]<\/p>\n<h3>Brez interneta, brez telefona, brez knjig in brez besed<\/h3>\n<p>[\/vc_column_text][\/vc_column_inner][vc_column_inner width=&#8221;1\/2&#8243;][vc_column_text]Ta \u0161tiridnevni oddih v ti\u0161ini je povabilo. Povabilo, da odlo\u017ei\u0161 vso navlako vsakdana in se vrne\u0161 k sebi. Brez interneta, brez telefona, brez knjig in celo brez besed. V varnem prostoru ti\u0161ine bo\u0161 lahko resni\u010dno sli\u0161al_a: svoje telo, svoj dih, svoje ob\u010dutke, svojega notranjega vodnika in mirovnika.[\/vc_column_text][\/vc_column_inner][\/vc_row_inner][\/vc_column][\/vc_row][vc_row full_width=&#8221;stretch_row_content_no_spaces&#8221; equal_height=&#8221;yes&#8221; content_placement=&#8221;middle&#8221; el_class=&#8221;nomarginmobile topmargin40 vertikalcenter&#8221; css=&#8221;.vc_custom_1772632367769{margin-top: 7% !important;}&#8221;][vc_column width=&#8221;1\/2&#8243;][vc_single_image image=&#8221;14112&#8243; img_size=&#8221;full&#8221; alignment=&#8221;center&#8221; css=&#8221;.vc_custom_1773021854752{margin-bottom: 0px !important;border-bottom-width: 0px !important;padding-bottom: 0px !important;}&#8221;][\/vc_column][vc_column width=&#8221;1\/2&#8243; css=&#8221;.vc_custom_1772632342679{padding-top: 5% !important;padding-right: 5% !important;padding-bottom: 5% !important;padding-left: 5% !important;}&#8221;][vc_column_text]<\/p>\n<h2><mark>Prakse:<\/mark><\/h2>\n<p>[\/vc_column_text][vc_column_text css=&#8221;.vc_custom_1773367838771{margin-bottom: 10px !important;border-bottom-width: 0px !important;padding-bottom: 0px !important;}&#8221;]\u00b7 Jutranja meditacijska hoja in sede\u010da meditacija, ki se vsak dan poglablja.[\/vc_column_text][vc_separator color=&#8221;white&#8221; style=&#8221;dotted&#8221; el_class=&#8221;manjsipadding&#8221;][vc_column_text css=&#8221;.vc_custom_1772808896241{margin-bottom: 10px !important;}&#8221;]\u00b7 Somatska joga in gibanje, ki prebujata zavestno prisotnost v telesu.[\/vc_column_text][vc_separator color=&#8221;white&#8221; style=&#8221;dotted&#8221; el_class=&#8221;manjsipadding&#8221;][vc_column_text css=&#8221;.vc_custom_1772808903368{margin-bottom: 10px !important;}&#8221;]\u00b7 Pohodi v naravi s \u010duje\u010dnostjo, da ponovno sli\u0161i\u0161 in za\u010duti\u0161\u2026 \u0161epet gozda.[\/vc_column_text][vc_separator color=&#8221;white&#8221; style=&#8221;dotted&#8221; el_class=&#8221;manjsipadding&#8221;][vc_column_text css=&#8221;.vc_custom_1772808909200{margin-bottom: 10px !important;}&#8221;]\u00b7 Prakse samonegovanja za razvijanje in poglabljanje kvalitet: spo\u0161tovanje, so\u010dutje, zaupanje, sprejemanje, ljubezen.[\/vc_column_text][vc_separator color=&#8221;white&#8221; style=&#8221;dotted&#8221; el_class=&#8221;manjsipadding&#8221;][vc_column_text css=&#8221;.vc_custom_1772808915717{margin-bottom: 10px !important;}&#8221;]\u00b7 Praksa hvale\u017enosti in ve\u010derne meditacije, ki umirjajo in meh\u010dajo.[\/vc_column_text][vc_separator color=&#8221;white&#8221; style=&#8221;dotted&#8221; el_class=&#8221;manjsipadding&#8221;][vc_column_text][\/vc_column_text][vc_separator color=&#8221;white&#8221; style=&#8221;dotted&#8221; el_class=&#8221;manjsipadding&#8221;][vc_column_text]Vsebine odmika so zasnovane za globoko sprostitev in notranjo regeneracijo. Zdru\u017eujejo modrost starodavnih praks opazovanja in zavedanja sedanjega trenutka \u2013 brez sodb, z radovednostjo in tiho prisotnostjo \u2013 ter sodobna somatska orodja, ki vodijo telo v sprostitev, uravnove\u0161ajo \u017eiv\u010dni sistem in prebujajo telesno inteligenco.[\/vc_column_text][vc_btn title=&#8221;Rezerviraj Darove Ti\u0161ine&#8221; style=&#8221;custom&#8221; custom_background=&#8221;#333333&#8243; custom_text=&#8221;#ffffff&#8221; shape=&#8221;square&#8221; link=&#8221;url:https%3A%2F%2Fmajakenda.com%2Fsl%2Foddihi%2Fpot-tisine%2Fprijava%2F&#8221;][\/vc_column][\/vc_row][vc_row full_width=&#8221;stretch_row&#8221; equal_height=&#8221;yes&#8221; content_placement=&#8221;middle&#8221; parallax=&#8221;content-moving&#8221; parallax_image=&#8221;13614&#8243; el_class=&#8221;topmargin40 slikaxl&#8221; css=&#8221;.vc_custom_1773146820361{margin-top: 10% !important;padding-right: 5% !important;padding-left: 5% !important;}&#8221;][vc_column][vc_row_inner equal_height=&#8221;yes&#8221; content_placement=&#8221;middle&#8221;][vc_column_inner width=&#8221;1\/6&#8243;][\/vc_column_inner][vc_column_inner width=&#8221;2\/3&#8243;][vc_column_text]<\/p>\n<h3 style=\"text-align: center;\">Odlo\u017ei\u0161 vse, kar misli\u0161 da ve\u0161 in za\u010duti\u0161 vse, kar resni\u010dno ve\u0161<\/h3>\n<p>[\/vc_column_text][vc_column_text]<\/p>\n<p style=\"text-align: center;\">Ko v ti\u0161ini opazujemo dih in ob\u010dutke v telesu, postajamo vedno bolj prisotni in mehki do sebe. Dih je naraven, vedno prisoten in nevtralen. Postane popoln most med telesom in umom. Z opazovanjem diha razvijamo notranjo zbranost, ki je temelj za vse globlje uvide.<\/p>\n<p>[\/vc_column_text][\/vc_column_inner][vc_column_inner width=&#8221;1\/6&#8243;][\/vc_column_inner][\/vc_row_inner][\/vc_column][\/vc_row][vc_row full_width=&#8221;stretch_row_content_no_spaces&#8221; equal_height=&#8221;yes&#8221; content_placement=&#8221;middle&#8221; el_class=&#8221;nomarginmobile topmargin40 reversemobile vertikalcenter&#8221; css=&#8221;.vc_custom_1772632433261{margin-top: 10% !important;}&#8221;][vc_column width=&#8221;1\/2&#8243; css=&#8221;.vc_custom_1772632407183{padding-top: 5% !important;padding-right: 5% !important;padding-bottom: 5% !important;padding-left: 5% !important;}&#8221;][vc_column_text]<\/p>\n<h2><mark>Po odmiku&#8230;<\/mark><\/h2>\n<p>Se rodi stik. Pove\u017ee\u0161 se s tistim delom sebe, ki je miren, tih, ljube\u010d. Ko znotraj sebe za\u010duti\u0161 ti\u0161ino, meh\u010danje, povezanost, je to naravni rezultat.[\/vc_column_text][vc_column_text css=&#8221;.vc_custom_1771060119337{margin-bottom: 10px !important;border-bottom-width: 0px !important;padding-bottom: 0px !important;}&#8221;]\u2713 Ob\u010dutek notranje povezanosti in miru.<\/p>\n<p>\u2713 Zaznavanje subtilnih ob\u010dutkov in ve\u010dja ob\u010dutljivost na lepoto.<\/p>\n<p>\u2713 Prisotnost in \u010duje\u010dnost v vsakdanjem \u017eivljenju.<\/p>\n<p>\u2713 Opu\u0161\u010danje starih napetosti in stika s telesno inteligenco.<\/p>\n<p>\u2713 Jasnost v glavi in toplino v srcu.<\/p>\n<p>\u2713 Poglobljeno zaupanje vase in v tok \u017eivljenja.<\/p>\n<p>\u2713 Ve\u010d ne\u017enosti, sprejemanja in hvale\u017enosti do sebe.[\/vc_column_text][\/vc_column][vc_column width=&#8221;1\/2&#8243;][vc_single_image image=&#8221;14113&#8243; img_size=&#8221;full&#8221; alignment=&#8221;center&#8221; css=&#8221;.vc_custom_1773048237327{margin-bottom: 0px !important;border-bottom-width: 0px !important;padding-bottom: 0px !important;}&#8221;][\/vc_column][\/vc_row][vc_row full_width=&#8221;stretch_row&#8221; equal_height=&#8221;yes&#8221; content_placement=&#8221;middle&#8221; parallax=&#8221;content-moving&#8221; parallax_image=&#8221;13479&#8243; el_class=&#8221;topmargin40 slikaxl&#8221; css=&#8221;.vc_custom_1773146853689{margin-top: 10% !important;padding-right: 5% !important;padding-left: 5% !important;}&#8221;][vc_column][vc_row_inner equal_height=&#8221;yes&#8221; content_placement=&#8221;middle&#8221;][vc_column_inner width=&#8221;1\/2&#8243;][vc_column_text]<\/p>\n<h3 style=\"text-align: left;\">Narava na\u0161e<br \/>\nnotranje resni\u010dnosti<\/h3>\n<p>[\/vc_column_text][\/vc_column_inner][vc_column_inner width=&#8221;1\/2&#8243;][vc_column_text]Praksa ti\u0161ine v prijaznem, mehkem okolju postopoma razkrije na\u0161o sposobnost zaznavanja subtilnih ob\u010dutkov. Ti poka\u017eejo proti naravi na\u0161e notranje resni\u010dnosti. Vse ostalo pride in gre\u2014misli, ob\u010dutki, napetosti. In ko to izkusi\u0161, postane\u0161 svobodnej\u0161i-a.<\/p>\n<p>\u010ce \u017eivljenje te\u010de prehitro in \u010duti\u0161, da je zunanjih dra\u017eljajev preve\u010d, notranji mir pa se vse bolj izmika, si na razpotju, kjer se lahko odlo\u010di\u0161 za odmik.<\/p>\n<p>Ko telo nosi napetosti in um ne najde po\u010ditka, v srcu tli hrepenenje po globljem stiku s seboj, z naravo, z bistvom.[\/vc_column_text][\/vc_column_inner][\/vc_row_inner][\/vc_column][\/vc_row][vc_row full_width=&#8221;stretch_row&#8221; css=&#8221;.vc_custom_1773408474385{margin-bottom: 5% !important;padding-top: 5% !important;padding-bottom: 5% !important;background-image: url(https:\/\/majakenda.com\/wp-content\/uploads\/2026\/02\/ozadje-roza-e1772190365506.png?id=13193) !important;background-position: center !important;background-repeat: no-repeat !important;background-size: cover !important;}&#8221;][vc_column width=&#8221;1\/6&#8243;][\/vc_column][vc_column width=&#8221;2\/3&#8243;][vc_raw_html]JTA5JTVCdGVzdGltb25pYWxfdmlldyUyMGlkJTNEJTIyMiUyMiUyMHBvc3RfaWRzJTNEJTIyMTM4OTMlMjIlNUQ=[\/vc_raw_html][\/vc_column][vc_column width=&#8221;1\/6&#8243;][\/vc_column][\/vc_row][vc_row full_width=&#8221;stretch_row_content_no_spaces&#8221; equal_height=&#8221;yes&#8221; content_placement=&#8221;middle&#8221; el_class=&#8221;nomarginmobile topmargin40 vertikalcenter&#8221; css=&#8221;.vc_custom_1773224047077{margin-top: 0px !important;}&#8221;][vc_column width=&#8221;1\/2&#8243;][vc_single_image image=&#8221;14114&#8243; img_size=&#8221;full&#8221; alignment=&#8221;center&#8221;][\/vc_column][vc_column width=&#8221;1\/2&#8243; css=&#8221;.vc_custom_1772632492055{padding-top: 5% !important;padding-right: 5% !important;padding-bottom: 5% !important;padding-left: 5% !important;}&#8221;][vc_column_text]<\/p>\n<h2><mark>Odmik bo potekal v ti\u0161ini pode\u017eelja<\/mark><\/h2>\n<p>&nbsp;<\/p>\n<p>Med slivovimi nasadi in ti\u0161ino pode\u017eelja danes stoji topel retreat center z lesenimi hi\u0161kami. Zrastel je iz vizije skupnosti, predane preprostemu in trajnostnemu na\u010dinu \u017eivljenja ter globokemu spo\u0161tovanju narave.<br data-start=\"448\" data-end=\"451\" data-is-only-node=\"\" \/>Ta intimna naravna oaza ponuja popoln umik od zunanjega sveta ter podpira poglobitev vase.<\/p>\n<p>Izbran je z namenom, da vas preprostost in skromnost povabi navznoter in ne razpr\u0161i energije navzven. To je klju\u010dno za samoraziskovanje in globljo transformacijo. Vsak udele\u017eenec ima svoj prostor za popolni po\u010ditek in poglabljanje ti\u0161ine.[\/vc_column_text][\/vc_column][\/vc_row][vc_row full_width=&#8221;stretch_row&#8221; css=&#8221;.vc_custom_1773414968045{margin-top: 0px !important;margin-bottom: 0px !important;padding-bottom: 0px !important;background-position: center !important;background-repeat: no-repeat !important;background-size: cover !important;}&#8221;][vc_column][vc_single_image image=&#8221;14115&#8243; img_size=&#8221;full&#8221; alignment=&#8221;center&#8221; css=&#8221;.vc_custom_1773414990646{margin-bottom: 0px !important;padding-bottom: 0px !important;}&#8221;][\/vc_column][\/vc_row][vc_row full_width=&#8221;stretch_row&#8221; css=&#8221;.vc_custom_1773415030401{margin-top: 0px !important;margin-bottom: 0px !important;padding-bottom: 0px !important;background-color: #f3e8e2 !important;background-position: center !important;background-repeat: no-repeat !important;background-size: cover !important;}&#8221;][vc_column][vc_row_inner css=&#8221;.vc_custom_1773415025359{margin-bottom: 0px !important;padding-bottom: 0px !important;}&#8221;][vc_column_inner][vc_column_text]<\/p>\n<h2 style=\"text-align: center;\">Ostale informacije<\/h2>\n<p>[\/vc_column_text][vc_column_text]<\/p>\n<h4 style=\"text-align: left;\">KJE: Bukovica, Hrva\u0161ka (2,5 uri od Ljubljane)<\/h4>\n<h4 style=\"text-align: left;\">KDAJ: 20. &#8211; 23. julija 2026<\/h4>\n<h4>CENA: Od 520 EUR dalje<\/h4>\n<p>&nbsp;<\/p>\n<h4 class=\"large mb32\" style=\"text-align: left;\">NASTANITEV:<\/h4>\n<p style=\"text-align: left;\">Oddih vklju\u010duje 3 no\u010ditve. Na voljo je ve\u010d kategorij sob, zato se cena nekoliko razlikuje glede na izbrano nastanitev. Sobe bodo dodeljene po vrstnem redu prijav.<\/p>\n<p style=\"text-align: left;\">Mesta so omejena na 15 oseb.<\/p>\n<p>&nbsp;<\/p>\n<h4 style=\"text-align: left;\">PREHRANA:<\/h4>\n<p>Na voljo bo vegetarijansko\/veganska. V ceno je vklju\u010den polni penzion: zajtrk, kosilo in ve\u010derja. Med obroki bo poskrbljeno za vodo in \u010daj.[\/vc_column_text][vc_toggle title=&#8221;Ve\u010d informacij&#8221;]<\/p>\n<h4>CENA CELOTNEGA 4-DNEVNEGA ODMIKA:<\/h4>\n<p>od 520 eur do 670 eur<\/p>\n<p>Mesta so omejena na 15 oseb.<\/p>\n<h4>NASTANITEV<\/h4>\n<p><strong>Opcija A:<\/strong> eno-posteljna soba \u2013 cena 670 eur<br \/>\n<strong>Opcija B:<\/strong> dvo-posteljna soba \u2013 cena 610 eur<br \/>\n<strong>Opcija C:<\/strong> skupna le\u017ei\u0161\u010da (vsako le\u017ei\u0161\u010de je zagrajeno, kar omogo\u010da intimnost) \u2013 520 eur<br \/>\nOb prijavi je potrebno sporo\u010diti \u017eeleno nastanitev, v nasprotnem primeru bo dodeljena po vrstnem redu prijav.<\/p>\n<h4>CENA ZAJEMA:<\/h4>\n<p>Celoten program, izbrano nastanitev, prehrano, organizacijo in vse potrebne pripomo\u010dke za prakse (joga blazino in meditacijski pov\u0161ter\u010dek).<\/p>\n<h4>CENA NE ZAJEMA:<\/h4>\n<p>Prevoza na lokacijo in nazaj ter ostalih individualnih stro\u0161kov, ki niso navedeni v programu. Z dopla\u010dilom je mo\u017ena uporaba savne in mrzle kopeli.<\/p>\n<h4>IZVAJANJE PRAKS:<\/h4>\n<p>Prakse bodo potekale v za to namenjenem notranjem prostoru ter v za to namenjenih zunanjih prostorih. Na voljo bodo tudi vsi vadbeni pripomo\u010dki in joga blazine.<\/p>\n<h4>PLA\u010cILNI POGOJI:<\/h4>\n<div>\n<p data-start=\"951\" data-end=\"1055\">Prijava je potrjena le s pla\u010dilom 1. obroka, ki ga je potrebno poravnati najkasneje v 7 dneh po prijavi.<\/p>\n<p data-start=\"1060\" data-end=\"1168\"><strong>Prvi obrok<\/strong> \u2013 rezervacija mesta: 250 eur ob prijavi (nepovratni depozit, kar pomeni, da se denar ne vra\u010da).<\/p>\n<p data-start=\"1172\" data-end=\"1259\"><strong>Drugi obrok<\/strong> \u2013 odvisno od izbire nastanitve od 270 eur do 420 eur (60 dni pred odhodom).<\/p>\n<\/div>\n<p>&nbsp;<\/p>\n<h4>ODPOVEDNI POGOJI:<\/h4>\n<p data-start=\"1292\" data-end=\"1378\"><strong>60\u201345 dni pred odhodom<\/strong>: zadr\u017ei se 70 % cene (cena je odvisna od izbrane nastanitve).<\/p>\n<p data-start=\"1383\" data-end=\"1434\"><strong>Manj kot 45 dni pred odhodom:<\/strong> zadr\u017ei se 100 % cene.<\/p>\n<p data-start=\"1436\" data-end=\"1694\">V primeru, da se to mesto nato zapolni z drugim udele\u017eencem, vpla\u010dani znesek vrnemo.<br data-start=\"1520\" data-end=\"1523\" \/>Ob prijavi upo\u0161tevajte dejstvo, da ste se zavezali k tej odlo\u010ditvi, k udele\u017ebi na 4-dnevnem oddihu. Tako spo\u0161tujete in cenite sebe ter organizatorja. Hvala za razumevanje.<\/p>\n<p>&nbsp;<\/p>\n<h4>OSTALE INFORMACIJE:<\/h4>\n<p>Ob prijavi prejmete na e-mail podatke za pla\u010dilo in ostale pomembne informacije.<\/p>\n<p>Organiziran bo spoznavni Zoom, kjer boste imele mo\u017enost izvedeti ve\u010d o odmiku.<\/p>\n<p>Ob prijavi boste dodani v WhatsApp skupino, kjer se boste lahko povezali med seboj, kjer se bodo delile sprotne informacije in hkrati bo to prostor za vpra\u0161anja vezana na odmik.<\/p>\n<p>7 dni pred odhodom po\u0161ljemo na e-mail \u0161e zadnja navodila in ostale pomembne informacije.[\/vc_toggle][vc_column_text css=&#8221;.vc_custom_1773413045306{margin-top: 5% !important;}&#8221;]<\/p>\n<h4>PRIJAVA<\/h4>\n<p>[\/vc_column_text][vc_btn title=&#8221;Rezerviraj Darove Ti\u0161ine&#8221; style=&#8221;custom&#8221; custom_background=&#8221;#333333&#8243; custom_text=&#8221;#ffffff&#8221; shape=&#8221;square&#8221; link=&#8221;url:https%3A%2F%2Fmajakenda.com%2Fsl%2Foddihi%2Fpot-tisine%2Fprijava%2F&#8221;][\/vc_column_inner][\/vc_row_inner][\/vc_column][\/vc_row][vc_row full_width=&#8221;stretch_row&#8221; css=&#8221;.vc_custom_1773415072251{margin-top: 0px !important;margin-bottom: 0px !important;border-bottom-width: 0px !important;padding-bottom: 0px !important;background-position: center !important;background-repeat: no-repeat !important;background-size: cover !important;}&#8221;][vc_column css=&#8221;.vc_custom_1773415084939{margin-top: 0px !important;padding-top: 0px !important;}&#8221;][vc_single_image image=&#8221;14116&#8243; img_size=&#8221;full&#8221; alignment=&#8221;center&#8221; css=&#8221;.vc_custom_1773415079421{margin-top: 0px !important;border-top-width: 0px !important;padding-top: 0px !important;}&#8221;][\/vc_column][\/vc_row][vc_row css=&#8221;.vc_custom_1773414893653{margin-top: 0px !important;margin-bottom: 0px !important;padding-bottom: 0px !important;background-position: center !important;background-repeat: no-repeat !important;background-size: cover !important;}&#8221;][vc_column][vc_column_text css=&#8221;.vc_custom_1773415134978{margin-top: 5% !important;}&#8221;]<\/p>\n<h2 style=\"text-align: center;\">Ko prostor ustvari pogoje za poglabljanje ti\u0161ine<\/h2>\n<p>[\/vc_column_text][vc_media_grid grid_id=&#8221;vc_gid:1775547714227-903713de-c484-10&#8243; include=&#8221;14117,14118,14119,14120,14121,14122&#8243;][\/vc_column][\/vc_row][vc_row css=&#8221;.vc_custom_1773468316061{margin-top: 5% !important;margin-bottom: 5% !important;}&#8221;][vc_column][vc_column_text]<\/p>\n<h3 style=\"text-align: center;\">Moje najve\u010dje darilo tebi je moja predanost svoji resnici. Tako neomajna, da ne more\u0161 zanikati, da je mogo\u010de. Tudi ti lahko \u017eivi\u0161 svojo resnico.<\/h3>\n<p>[\/vc_column_text][\/vc_column][\/vc_row]<\/p>\n","protected":false},"excerpt":{"rendered":"<p>[vc_row full_width=&#8221;stretch_row&#8221; css=&#8221;.vc_custom_1773146638678{margin-bottom: 0px !important;padding-top: 15vh !important;padding-bottom: 15vh !important;background-image: url(https:\/\/majakenda.com\/wp-content\/uploads\/2026\/03\/Screenshot-2026-03-09-at-09.45.38.png?id=13585) !important;background-position: center !important;background-repeat: no-repeat !important;background-size: cover !important;}&#8221; el_class=&#8221;belapisava&#8221;][vc_column width=&#8221;1\/6&#8243;][\/vc_column][vc_column width=&#8221;2\/3&#8243;][vc_column_text] Pot Ti\u0161ine 4-dnevni odmik v ti\u0161ino, za \u017eenske in mo\u0161ke. 20.7 \u2013 23.7, Bukovica \u2013 Hrva\u0161ka [\/vc_column_text][\/vc_column][vc_column width=&#8221;1\/6&#8243;][\/vc_column][\/vc_row][vc_row full_width=&#8221;stretch_row&#8221; css=&#8221;.vc_custom_1771057381068{margin-top: 5% !important;background-position: center !important;background-repeat: no-repeat !important;background-size: cover !important;}&#8221;][vc_column][vc_row_inner][vc_column_inner width=&#8221;1\/6&#8243;][\/vc_column_inner][vc_column_inner width=&#8221;2\/3&#8243;][vc_column_text] Ko trendi potihnejo &nbsp; \u017divimo [&hellip;]<\/p>\n","protected":false},"author":3,"featured_media":14023,"parent":13992,"menu_order":0,"comment_status":"closed","ping_status":"closed","template":"","meta":{"_uag_custom_page_level_css":"","footnotes":""},"class_list":["post-14033","page","type-page","status-publish","has-post-thumbnail","hentry"],"uagb_featured_image_src":{"full":["https:\/\/majakenda.com\/wp-content\/uploads\/2026\/03\/0U8A4256-scaled.jpg",2500,1667,false],"thumbnail":["https:\/\/majakenda.com\/wp-content\/uploads\/2026\/03\/0U8A4256-150x150.jpg",150,150,true],"medium":["https:\/\/majakenda.com\/wp-content\/uploads\/2026\/03\/0U8A4256-300x200.jpg",300,200,true],"medium_large":["https:\/\/majakenda.com\/wp-content\/uploads\/2026\/03\/0U8A4256-768x512.jpg",768,512,true],"large":["https:\/\/majakenda.com\/wp-content\/uploads\/2026\/03\/0U8A4256-2000x1333.jpg",1170,780,true],"1536x1536":["https:\/\/majakenda.com\/wp-content\/uploads\/2026\/03\/0U8A4256-1536x1024.jpg",1536,1024,true],"2048x2048":["https:\/\/majakenda.com\/wp-content\/uploads\/2026\/03\/0U8A4256-2048x1365.jpg",2048,1365,true],"widget-thumbnail":["https:\/\/majakenda.com\/wp-content\/uploads\/2026\/03\/0U8A4256-75x75.jpg",75,75,true],"blog-full":["https:\/\/majakenda.com\/wp-content\/uploads\/2026\/03\/0U8A4256-2400x1600.jpg",2400,1600,true],"admin-list-thumb":["https:\/\/majakenda.com\/wp-content\/uploads\/2026\/03\/0U8A4256-60x60.jpg",60,60,true],"woocommerce_thumbnail":["https:\/\/majakenda.com\/wp-content\/uploads\/2026\/03\/0U8A4256-300x300.jpg",300,300,true],"woocommerce_single":["https:\/\/majakenda.com\/wp-content\/uploads\/2026\/03\/0U8A4256-600x400.jpg",600,400,true],"woocommerce_gallery_thumbnail":["https:\/\/majakenda.com\/wp-content\/uploads\/2026\/03\/0U8A4256-100x100.jpg",100,100,true]},"uagb_author_info":{"display_name":"maja","author_link":"https:\/\/majakenda.com\/sl\/author\/maja\/"},"uagb_comment_info":0,"uagb_excerpt":"[vc_row full_width=&#8221;stretch_row&#8221; css=&#8221;.vc_custom_1773146638678{margin-bottom: 0px !important;padding-top: 15vh !important;padding-bottom: 15vh !important;background-image: url(https:\/\/majakenda.com\/wp-content\/uploads\/2026\/03\/Screenshot-2026-03-09-at-09.45.38.png?id=13585) !important;background-position: center !important;background-repeat: no-repeat !important;background-size: cover !important;}&#8221; el_class=&#8221;belapisava&#8221;][vc_column width=&#8221;1\/6&#8243;][\/vc_column][vc_column width=&#8221;2\/3&#8243;][vc_column_text] Pot Ti\u0161ine 4-dnevni odmik v ti\u0161ino, za \u017eenske in mo\u0161ke. 20.7 \u2013 23.7, Bukovica \u2013 Hrva\u0161ka [\/vc_column_text][\/vc_column][vc_column width=&#8221;1\/6&#8243;][\/vc_column][\/vc_row][vc_row full_width=&#8221;stretch_row&#8221; css=&#8221;.vc_custom_1771057381068{margin-top: 5% !important;background-position: center !important;background-repeat: no-repeat !important;background-size: cover !important;}&#8221;][vc_column][vc_row_inner][vc_column_inner width=&#8221;1\/6&#8243;][\/vc_column_inner][vc_column_inner width=&#8221;2\/3&#8243;][vc_column_text] Ko trendi potihnejo &nbsp; \u017divimo&hellip;","_links":{"self":[{"href":"https:\/\/majakenda.com\/sl\/wp-json\/wp\/v2\/pages\/14033","targetHints":{"allow":["GET"]}}],"collection":[{"href":"https:\/\/majakenda.com\/sl\/wp-json\/wp\/v2\/pages"}],"about":[{"href":"https:\/\/majakenda.com\/sl\/wp-json\/wp\/v2\/types\/page"}],"author":[{"embeddable":true,"href":"https:\/\/majakenda.com\/sl\/wp-json\/wp\/v2\/users\/3"}],"replies":[{"embeddable":true,"href":"https:\/\/majakenda.com\/sl\/wp-json\/wp\/v2\/comments?post=14033"}],"version-history":[{"count":9,"href":"https:\/\/majakenda.com\/sl\/wp-json\/wp\/v2\/pages\/14033\/revisions"}],"predecessor-version":[{"id":14622,"href":"https:\/\/majakenda.com\/sl\/wp-json\/wp\/v2\/pages\/14033\/revisions\/14622"}],"up":[{"embeddable":true,"href":"https:\/\/majakenda.com\/sl\/wp-json\/wp\/v2\/pages\/13992"}],"wp:featuredmedia":[{"embeddable":true,"href":"https:\/\/majakenda.com\/sl\/wp-json\/wp\/v2\/media\/14023"}],"wp:attachment":[{"href":"https:\/\/majakenda.com\/sl\/wp-json\/wp\/v2\/media?parent=14033"}],"curies":[{"name":"wp","href":"https:\/\/api.w.org\/{rel}","templated":true}]}}