{"id":14133,"date":"2026-02-11T12:30:44","date_gmt":"2026-02-11T12:30:44","guid":{"rendered":"https:\/\/majakenda.com\/individual\/"},"modified":"2026-03-20T01:55:34","modified_gmt":"2026-03-20T01:55:34","slug":"individualno","status":"publish","type":"page","link":"https:\/\/majakenda.com\/sl\/individualno\/","title":{"rendered":"INDIVIDUALNI PRISTOP"},"content":{"rendered":"<p>[vc_row full_width=&#8221;stretch_row&#8221; parallax=&#8221;content-moving&#8221; parallax_image=&#8221;13475&#8243; parallax_speed_bg=&#8221;1&#8243; css=&#8221;.vc_custom_1773147414262{padding-top: 15vh !important;padding-right: 10% !important;padding-bottom: 15vh !important;padding-left: 10% !important;background-image: url(https:\/\/majakenda.com\/wp-content\/uploads\/2025\/04\/0U8A2831-scaled.jpg?id=12931) !important;}&#8221;][vc_column][vc_column_text]<\/p>\n<h1 class=\"uppercase mb0\" style=\"text-align: center;\">TU SE \u017dIV\u010cNI SISTEM UMIRI IN NOTRANJI GLAS OSVOBODI<\/h1>\n<h4 style=\"text-align: center;\">Individualni pristop<\/h4>\n<p>[\/vc_column_text][\/vc_column][\/vc_row][vc_row css=&#8221;.vc_custom_1770909554501{margin-top: 5% !important;margin-bottom: 0px !important;padding-top: 7% !important;padding-right: 0px !important;padding-bottom: 0px !important;padding-left: 0px !important;}&#8221;][vc_column][vc_column_text]<\/p>\n<h3 style=\"text-align: center;\">Somatska izku\u0161nja, ki vzpostavi varnost v tvojem sistemu, povrne zaupanje vase in sposobnost, da sledi\u0161 notranjemu \u201cja\u201d in \u201cne\u201d.<\/h3>\n<p>[\/vc_column_text][\/vc_column][\/vc_row][vc_row full_width=&#8221;stretch_row_content_no_spaces&#8221; content_placement=&#8221;middle&#8221; css=&#8221;.vc_custom_1772630168893{margin-top: 5% !important;}&#8221; el_class=&#8221;vertikalcenter&#8221;][vc_column width=&#8221;1\/2&#8243;][vc_single_image image=&#8221;14018&#8243; img_size=&#8221;full&#8221;][\/vc_column][vc_column width=&#8221;1\/2&#8243; css=&#8221;.vc_custom_1772628906736{padding-top: 5% !important;padding-right: 5% !important;padding-bottom: 5% !important;padding-left: 5% !important;}&#8221;][vc_column_text]<\/p>\n<h2>Kjer se zdravljenje in spro\u0161\u010danje kon\u010da\u2026<\/h2>\n<p>\u2026se za\u010dne ob\u010dutenje tvoje notranje resnice. \u017divljenje, ki ni zares na\u0161e je vzrok napetosti, anksioznosti in bole\u010din. Moj celostni pristop ni omejen na spro\u0161\u010danje \u017eiv\u010dnega sistema ali zdravljenje, temve\u010d sledi globljemu cilju: povezanost z notranjim vodstvom, ki pelje proti \u017eivljenju, ki je tvoje, ne sposojeno.[\/vc_column_text][\/vc_column][\/vc_row][vc_row full_width=&#8221;stretch_row_content&#8221; content_placement=&#8221;middle&#8221; parallax=&#8221;content-moving&#8221; parallax_image=&#8221;13126&#8243; css=&#8221;.vc_custom_1772929771065{margin-top: 10% !important;margin-bottom: 0px !important;padding-top: 30vh !important;padding-right: 0px !important;padding-bottom: 30vh !important;padding-left: 0px !important;}&#8221;][vc_column][vc_row_inner equal_height=&#8221;yes&#8221; content_placement=&#8221;middle&#8221;][vc_column_inner width=&#8221;1\/2&#8243;][vc_column_text]<\/p>\n<h2 style=\"text-align: left;\">Subtilna umetnost izbiranja sebe<\/h2>\n<p>[\/vc_column_text][\/vc_column_inner][vc_column_inner width=&#8221;1\/2&#8243;][vc_column_text]<\/p>\n<p class=\"lead\" style=\"text-align: left;\">V svetu, poplavljenem z nasveti, mo\u010d le\u017ei v vedenju kateri \u201cja\u201d je tvoj in kateri\u2026 ni.<\/p>\n<p>[\/vc_column_text][\/vc_column_inner][\/vc_row_inner][\/vc_column][\/vc_row][vc_row full_width=&#8221;stretch_row_content_no_spaces&#8221; equal_height=&#8221;yes&#8221; content_placement=&#8221;middle&#8221; css=&#8221;.vc_custom_1773148169854{margin-top: 10% !important;padding-bottom: 0px !important;}&#8221; el_class=&#8221;reversemobile vertikalcenter&#8221;][vc_column width=&#8221;1\/2&#8243; css=&#8221;.vc_custom_1772629045798{padding-top: 5% !important;padding-right: 10% !important;padding-bottom: 5% !important;padding-left: 10% !important;}&#8221;][vc_column_text]<\/p>\n<h3>ZEMELJSKI PROCES<\/h3>\n<p>Individualne terapije so prilagojene tebi, vedno z enim ciljem: priti bli\u017eje tvoji resnici. Na poti tja tvoje telo opu\u0161\u010da, oklep se raztopi in po\u010dasi se vrne\u0161 nazaj k sebi. Za\u010duti\u0161, kako se v tebi znova vzpostavlja ravnovesje. Zemeljski proces se odvije na masa\u017eni mizi in ti si v udobnem, le\u017ee\u010dem polo\u017eaju. Ker sem usposobljena v mnogih tehnikah in pristopih, uporabim tisto, kar slu\u017ei trenutku. Klju\u010dna orodja pa so PSL dotik (v ang. P-resent, S-afe, L-oving), zavestni dih, somatski ne\u017eni gib in ljube\u010da prisotnost, ki ustvari pogoje, znotraj katerih ti lahko stopi\u0161 k tvoji resnici.[\/vc_column_text][\/vc_column][vc_column width=&#8221;1\/2&#8243;][vc_single_image image=&#8221;14144&#8243; img_size=&#8221;full&#8221;][\/vc_column][\/vc_row][vc_row full_width=&#8221;stretch_row_content_no_spaces&#8221; equal_height=&#8221;yes&#8221; content_placement=&#8221;middle&#8221; css=&#8221;.vc_custom_1773148084388{margin-top: 5% !important;}&#8221; el_class=&#8221;vertikalcenter&#8221;][vc_column width=&#8221;1\/2&#8243;][vc_single_image image=&#8221;14145&#8243; img_size=&#8221;full&#8221;][\/vc_column][vc_column width=&#8221;1\/2&#8243; css=&#8221;.vc_custom_1772629054607{padding-top: 5% !important;padding-right: 10% !important;padding-bottom: 5% !important;padding-left: 10% !important;}&#8221;][vc_column_text]<\/p>\n<h3>VODNI PROCES<\/h3>\n<p>Vodna terapija te povabi v izku\u0161njo brezte\u017enosti in lebdenja v topli vodi. Tukaj gravitacija deluje druga\u010de, kar nudi popolno podporo, da lahkotno spusti\u0161 napor in aktivacijo. Ne\u017eni premiki telesa nad in pod vodo (s sponko za nos), so pospremljeni s PSL dotikom (present, safe, loving), masa\u017enimi prijemi in gibi, ki v telesu odprejo prostornost, te peljejo v globok mir in do ob\u010dutka jasnost.[\/vc_column_text][vc_btn title=&#8221;PREBERI VE\u010c&#8221; style=&#8221;custom&#8221; custom_background=&#8221;#333333&#8243; custom_text=&#8221;#ffffff&#8221; shape=&#8221;square&#8221; align=&#8221;left&#8221; link=&#8221;url:https%3A%2F%2Fmajakenda.com%2Fsl%2Fvodni-proces%2F&#8221;][\/vc_column][\/vc_row][vc_row full_width=&#8221;stretch_row&#8221; content_placement=&#8221;middle&#8221; css=&#8221;.vc_custom_1773149982264{margin-top: 10% !important;margin-bottom: 0px !important;padding-right: 0px !important;padding-left: 0px !important;background-image: url(https:\/\/majakenda.com\/wp-content\/uploads\/2026\/03\/4G0A6483.jpg?id=13301) !important;background-position: center !important;background-repeat: no-repeat !important;background-size: cover !important;}&#8221; el_class=&#8221;slikaxl belapisava zatemnjena&#8221;][vc_column][vc_row_inner equal_height=&#8221;yes&#8221; content_placement=&#8221;middle&#8221;][vc_column_inner width=&#8221;1\/2&#8243;][vc_column_text]<\/p>\n<h3 class=\"text-center uppercase mb20 mb-xs-40\" style=\"text-align: left;\">Ko mehkost postane na\u010din obstoja<\/h3>\n<p>[\/vc_column_text][\/vc_column_inner][vc_column_inner width=&#8221;1\/2&#8243;][vc_column_text]Izvir mojega dela je v globokem razumevanju, kako telo dr\u017ei vzorce in kaj je potrebno, da se vrne\u0161 na prazen list papirja, kjer lahko zapi\u0161e\u0161 nove, po svojih \u017eeljah. Preko meh\u010danja, bo\u0161 odkril_a popolnoma nov na\u010din delovanja.[\/vc_column_text][\/vc_column_inner][\/vc_row_inner][\/vc_column][\/vc_row][vc_row full_width=&#8221;stretch_row_content_no_spaces&#8221; equal_height=&#8221;yes&#8221; content_placement=&#8221;middle&#8221; css=&#8221;.vc_custom_1773147747288{margin-top: 0px !important;padding-top: 5% !important;background-image: url(https:\/\/majakenda.com\/wp-content\/uploads\/2026\/02\/ozadje-roza-e1772190365506.png?id=13193) !important;background-position: center !important;background-repeat: no-repeat !important;background-size: cover !important;}&#8221; el_class=&#8221;vertikalcenter&#8221;][vc_column width=&#8221;1\/3&#8243;][\/vc_column][vc_column width=&#8221;1\/3&#8243; css=&#8221;.vc_custom_1772629054607{padding-top: 5% !important;padding-right: 10% !important;padding-bottom: 5% !important;padding-left: 10% !important;}&#8221;][vc_column_text css=&#8221;.vc_custom_1773906065177{margin-top: 5% !important;}&#8221;]<\/p>\n<h3 style=\"text-align: left;\">PRAKTI\u010cNE INFORMACIJE<\/h3>\n<p class=\"lead\" style=\"text-align: left;\">Na voljo je omejeno \u0161tevilo individualnih terapij. Za rezervacijo, klikni spodaj in <a href=\"https:\/\/majakenda.com\/sl\/kontaktirajme\/\">po\u0161lji povpra\u0161evanje<\/a>.<\/p>\n<h5 style=\"text-align: left;\">ZEMELJSKI PROCES 150\u20ac<\/h5>\n<h5 style=\"text-align: left;\">VODNI PROCES 150\u20ac<\/h5>\n<p>[\/vc_column_text][vc_btn title=&#8221;Po\u0161lji povpra\u0161evanje&#8221; style=&#8221;custom&#8221; custom_background=&#8221;#333333&#8243; custom_text=&#8221;#ffffff&#8221; shape=&#8221;square&#8221; align=&#8221;center&#8221; button_block=&#8221;true&#8221; link=&#8221;url:https%3A%2F%2Fmajakenda.com%2Fsl%2Fkontaktirajme%2F|&#8221;][\/vc_column][vc_column width=&#8221;1\/3&#8243;][\/vc_column][\/vc_row]<\/p>\n","protected":false},"excerpt":{"rendered":"<p>[vc_row full_width=&#8221;stretch_row&#8221; parallax=&#8221;content-moving&#8221; parallax_image=&#8221;13475&#8243; parallax_speed_bg=&#8221;1&#8243; css=&#8221;.vc_custom_1773147414262{padding-top: 15vh !important;padding-right: 10% !important;padding-bottom: 15vh !important;padding-left: 10% !important;background-image: url(https:\/\/majakenda.com\/wp-content\/uploads\/2025\/04\/0U8A2831-scaled.jpg?id=12931) !important;}&#8221;][vc_column][vc_column_text] TU SE \u017dIV\u010cNI SISTEM UMIRI IN NOTRANJI GLAS OSVOBODI Individualni pristop [\/vc_column_text][\/vc_column][\/vc_row][vc_row css=&#8221;.vc_custom_1770909554501{margin-top: 5% !important;margin-bottom: 0px !important;padding-top: 7% !important;padding-right: 0px !important;padding-bottom: 0px !important;padding-left: 0px !important;}&#8221;][vc_column][vc_column_text] Somatska izku\u0161nja, ki vzpostavi varnost v tvojem sistemu, povrne zaupanje vase in sposobnost, da [&hellip;]<\/p>\n","protected":false},"author":3,"featured_media":14135,"parent":0,"menu_order":0,"comment_status":"closed","ping_status":"closed","template":"","meta":{"_uag_custom_page_level_css":"","footnotes":""},"class_list":["post-14133","page","type-page","status-publish","has-post-thumbnail","hentry"],"uagb_featured_image_src":{"full":["https:\/\/majakenda.com\/wp-content\/uploads\/2026\/03\/IMG_M-03-R-2-scaled.jpg",2500,1667,false],"thumbnail":["https:\/\/majakenda.com\/wp-content\/uploads\/2026\/03\/IMG_M-03-R-2-150x150.jpg",150,150,true],"medium":["https:\/\/majakenda.com\/wp-content\/uploads\/2026\/03\/IMG_M-03-R-2-300x200.jpg",300,200,true],"medium_large":["https:\/\/majakenda.com\/wp-content\/uploads\/2026\/03\/IMG_M-03-R-2-768x512.jpg",768,512,true],"large":["https:\/\/majakenda.com\/wp-content\/uploads\/2026\/03\/IMG_M-03-R-2-2000x1333.jpg",1170,780,true],"1536x1536":["https:\/\/majakenda.com\/wp-content\/uploads\/2026\/03\/IMG_M-03-R-2-1536x1024.jpg",1536,1024,true],"2048x2048":["https:\/\/majakenda.com\/wp-content\/uploads\/2026\/03\/IMG_M-03-R-2-2048x1365.jpg",2048,1365,true],"widget-thumbnail":["https:\/\/majakenda.com\/wp-content\/uploads\/2026\/03\/IMG_M-03-R-2-75x75.jpg",75,75,true],"blog-full":["https:\/\/majakenda.com\/wp-content\/uploads\/2026\/03\/IMG_M-03-R-2-2400x1600.jpg",2400,1600,true],"admin-list-thumb":["https:\/\/majakenda.com\/wp-content\/uploads\/2026\/03\/IMG_M-03-R-2-60x60.jpg",60,60,true],"woocommerce_thumbnail":["https:\/\/majakenda.com\/wp-content\/uploads\/2026\/03\/IMG_M-03-R-2-300x300.jpg",300,300,true],"woocommerce_single":["https:\/\/majakenda.com\/wp-content\/uploads\/2026\/03\/IMG_M-03-R-2-600x400.jpg",600,400,true],"woocommerce_gallery_thumbnail":["https:\/\/majakenda.com\/wp-content\/uploads\/2026\/03\/IMG_M-03-R-2-100x100.jpg",100,100,true]},"uagb_author_info":{"display_name":"maja","author_link":"https:\/\/majakenda.com\/sl\/author\/maja\/"},"uagb_comment_info":0,"uagb_excerpt":"[vc_row full_width=&#8221;stretch_row&#8221; parallax=&#8221;content-moving&#8221; parallax_image=&#8221;13475&#8243; parallax_speed_bg=&#8221;1&#8243; css=&#8221;.vc_custom_1773147414262{padding-top: 15vh !important;padding-right: 10% !important;padding-bottom: 15vh !important;padding-left: 10% !important;background-image: url(https:\/\/majakenda.com\/wp-content\/uploads\/2025\/04\/0U8A2831-scaled.jpg?id=12931) !important;}&#8221;][vc_column][vc_column_text] TU SE \u017dIV\u010cNI SISTEM UMIRI IN NOTRANJI GLAS OSVOBODI Individualni pristop [\/vc_column_text][\/vc_column][\/vc_row][vc_row css=&#8221;.vc_custom_1770909554501{margin-top: 5% !important;margin-bottom: 0px !important;padding-top: 7% !important;padding-right: 0px !important;padding-bottom: 0px !important;padding-left: 0px !important;}&#8221;][vc_column][vc_column_text] Somatska izku\u0161nja, ki vzpostavi varnost v tvojem sistemu, povrne zaupanje vase in sposobnost, da&hellip;","_links":{"self":[{"href":"https:\/\/majakenda.com\/sl\/wp-json\/wp\/v2\/pages\/14133","targetHints":{"allow":["GET"]}}],"collection":[{"href":"https:\/\/majakenda.com\/sl\/wp-json\/wp\/v2\/pages"}],"about":[{"href":"https:\/\/majakenda.com\/sl\/wp-json\/wp\/v2\/types\/page"}],"author":[{"embeddable":true,"href":"https:\/\/majakenda.com\/sl\/wp-json\/wp\/v2\/users\/3"}],"replies":[{"embeddable":true,"href":"https:\/\/majakenda.com\/sl\/wp-json\/wp\/v2\/comments?post=14133"}],"version-history":[{"count":12,"href":"https:\/\/majakenda.com\/sl\/wp-json\/wp\/v2\/pages\/14133\/revisions"}],"predecessor-version":[{"id":14498,"href":"https:\/\/majakenda.com\/sl\/wp-json\/wp\/v2\/pages\/14133\/revisions\/14498"}],"wp:featuredmedia":[{"embeddable":true,"href":"https:\/\/majakenda.com\/sl\/wp-json\/wp\/v2\/media\/14135"}],"wp:attachment":[{"href":"https:\/\/majakenda.com\/sl\/wp-json\/wp\/v2\/media?parent=14133"}],"curies":[{"name":"wp","href":"https:\/\/api.w.org\/{rel}","templated":true}]}}