{"id":14252,"date":"2026-02-09T11:12:50","date_gmt":"2026-02-09T11:12:50","guid":{"rendered":"https:\/\/majakenda.com\/offerings\/"},"modified":"2026-03-20T01:52:54","modified_gmt":"2026-03-20T01:52:54","slug":"ponudbe","status":"publish","type":"page","link":"https:\/\/majakenda.com\/sl\/ponudbe\/","title":{"rendered":"PONUDBE"},"content":{"rendered":"<p>[vc_row full_width=&#8221;stretch_row&#8221; content_placement=&#8221;top&#8221; css=&#8221;.vc_custom_1773146019618{padding-top: 15vh !important;padding-bottom: 15vh !important;background-image: url(https:\/\/majakenda.com\/wp-content\/uploads\/2026\/03\/0U8A3494-1-scaled.jpg?id=13588) !important;background-position: center !important;background-repeat: no-repeat !important;background-size: cover !important;}&#8221; el_class=&#8221;belapisava&#8221;][vc_column][vc_column_text css=&#8221;.vc_custom_1773925889721{margin-bottom: 0px !important;padding-bottom: 0px !important;}&#8221;]<\/p>\n<h1 class=\"uppercase mb0\" style=\"text-align: center;\">IZKU\u0160NJE ZATE<\/h1>\n<h4 style=\"text-align: center;\">Izberi svoj trenutek za oddih<\/h4>\n<p>[\/vc_column_text][\/vc_column][\/vc_row][vc_row full_width=&#8221;stretch_row&#8221; css=&#8221;.vc_custom_1772807773941{margin-top: 5% !important;margin-bottom: 0px !important;padding-top: 0px !important;padding-right: 0px !important;padding-bottom: 0px !important;padding-left: 0px !important;}&#8221; el_class=&#8221;vertikalcenter&#8221;][vc_column width=&#8221;1\/2&#8243;][vc_single_image image=&#8221;14254&#8243; img_size=&#8221;full&#8221; alignment=&#8221;center&#8221; onclick=&#8221;custom_link&#8221; link=&#8221;https:\/\/majakenda.com\/retreats\/bali\/&#8221;][\/vc_column][vc_column width=&#8221;1\/2&#8243;][vc_row_inner css=&#8221;.vc_custom_1772807633748{padding-top: 1em !important;padding-right: 2em !important;padding-bottom: 1em !important;padding-left: 2em !important;}&#8221;][vc_column_inner][vc_column_text]<\/p>\n<h3 style=\"text-align: center;\">ODDIHI<\/h3>\n<p style=\"text-align: center;\"><a class=\"btn btn-md block-xs\" href=\"https:\/\/majakenda.com\/sl\/oddihi\/\">PREBERI VE\u010c<\/a><\/p>\n<p>[\/vc_column_text][\/vc_column_inner][\/vc_row_inner][\/vc_column][\/vc_row][vc_row full_width=&#8221;stretch_row&#8221; css=&#8221;.vc_custom_1773041751384{margin-top: 5% !important;margin-bottom: 0px !important;padding-top: 0px !important;padding-right: 0px !important;padding-bottom: 0px !important;padding-left: 0px !important;}&#8221; el_class=&#8221;vertikalcenter reversemobile&#8221;][vc_column width=&#8221;1\/2&#8243;][vc_row_inner css=&#8221;.vc_custom_1772807633748{padding-top: 1em !important;padding-right: 2em !important;padding-bottom: 1em !important;padding-left: 2em !important;}&#8221;][vc_column_inner][vc_column_text]<\/p>\n<h3 style=\"text-align: center;\">INDIVIDUALNI PRISTOP<\/h3>\n<p style=\"text-align: center;\"><a class=\"btn btn-md block-xs\" href=\"https:\/\/majakenda.com\/sl\/individualno\/\">PREBERI VE\u010c<\/a><\/p>\n<p>[\/vc_column_text][\/vc_column_inner][\/vc_row_inner][\/vc_column][vc_column width=&#8221;1\/2&#8243;][vc_single_image image=&#8221;14256&#8243; img_size=&#8221;full&#8221; alignment=&#8221;center&#8221; onclick=&#8221;custom_link&#8221; link=&#8221;https:\/\/majakenda.com\/retreats\/bali\/&#8221;][\/vc_column][\/vc_row][vc_row][vc_column][vc_column_text]<\/p>\n<h3 style=\"text-align: center;\">Moje najve\u010dje darilo zate je moja predanost svoji resnici. Tako neomajna, da ne more\u0161 zanikati, da je to mogo\u010de. Lahko \u017eivi\u0161 svojo resnico.<\/h3>\n<p>[\/vc_column_text][\/vc_column][\/vc_row]<\/p>\n","protected":false},"excerpt":{"rendered":"<p>[vc_row full_width=&#8221;stretch_row&#8221; content_placement=&#8221;top&#8221; css=&#8221;.vc_custom_1773146019618{padding-top: 15vh !important;padding-bottom: 15vh !important;background-image: url(https:\/\/majakenda.com\/wp-content\/uploads\/2026\/03\/0U8A3494-1-scaled.jpg?id=13588) !important;background-position: center !important;background-repeat: no-repeat !important;background-size: cover !important;}&#8221; el_class=&#8221;belapisava&#8221;][vc_column][vc_column_text css=&#8221;.vc_custom_1773925889721{margin-bottom: 0px !important;padding-bottom: 0px !important;}&#8221;] IZKU\u0160NJE ZATE Izberi svoj trenutek za oddih [\/vc_column_text][\/vc_column][\/vc_row][vc_row full_width=&#8221;stretch_row&#8221; css=&#8221;.vc_custom_1772807773941{margin-top: 5% !important;margin-bottom: 0px !important;padding-top: 0px !important;padding-right: 0px !important;padding-bottom: 0px !important;padding-left: 0px !important;}&#8221; el_class=&#8221;vertikalcenter&#8221;][vc_column width=&#8221;1\/2&#8243;][vc_single_image image=&#8221;14254&#8243; img_size=&#8221;full&#8221; alignment=&#8221;center&#8221; onclick=&#8221;custom_link&#8221; link=&#8221;https:\/\/majakenda.com\/retreats\/bali\/&#8221;][\/vc_column][vc_column width=&#8221;1\/2&#8243;][vc_row_inner css=&#8221;.vc_custom_1772807633748{padding-top: 1em !important;padding-right: [&hellip;]<\/p>\n","protected":false},"author":3,"featured_media":0,"parent":0,"menu_order":0,"comment_status":"closed","ping_status":"closed","template":"","meta":{"_uag_custom_page_level_css":"","footnotes":""},"class_list":["post-14252","page","type-page","status-publish","hentry"],"uagb_featured_image_src":{"full":false,"thumbnail":false,"medium":false,"medium_large":false,"large":false,"1536x1536":false,"2048x2048":false,"widget-thumbnail":false,"blog-full":false,"admin-list-thumb":false,"woocommerce_thumbnail":false,"woocommerce_single":false,"woocommerce_gallery_thumbnail":false},"uagb_author_info":{"display_name":"maja","author_link":"https:\/\/majakenda.com\/sl\/author\/maja\/"},"uagb_comment_info":0,"uagb_excerpt":"[vc_row full_width=&#8221;stretch_row&#8221; content_placement=&#8221;top&#8221; css=&#8221;.vc_custom_1773146019618{padding-top: 15vh !important;padding-bottom: 15vh !important;background-image: url(https:\/\/majakenda.com\/wp-content\/uploads\/2026\/03\/0U8A3494-1-scaled.jpg?id=13588) !important;background-position: center !important;background-repeat: no-repeat !important;background-size: cover !important;}&#8221; el_class=&#8221;belapisava&#8221;][vc_column][vc_column_text css=&#8221;.vc_custom_1773925889721{margin-bottom: 0px !important;padding-bottom: 0px !important;}&#8221;] IZKU\u0160NJE ZATE Izberi svoj trenutek za oddih [\/vc_column_text][\/vc_column][\/vc_row][vc_row full_width=&#8221;stretch_row&#8221; css=&#8221;.vc_custom_1772807773941{margin-top: 5% !important;margin-bottom: 0px !important;padding-top: 0px !important;padding-right: 0px !important;padding-bottom: 0px !important;padding-left: 0px !important;}&#8221; el_class=&#8221;vertikalcenter&#8221;][vc_column width=&#8221;1\/2&#8243;][vc_single_image image=&#8221;14254&#8243; img_size=&#8221;full&#8221; alignment=&#8221;center&#8221; onclick=&#8221;custom_link&#8221; link=&#8221;https:\/\/majakenda.com\/retreats\/bali\/&#8221;][\/vc_column][vc_column width=&#8221;1\/2&#8243;][vc_row_inner css=&#8221;.vc_custom_1772807633748{padding-top: 1em !important;padding-right:&hellip;","_links":{"self":[{"href":"https:\/\/majakenda.com\/sl\/wp-json\/wp\/v2\/pages\/14252","targetHints":{"allow":["GET"]}}],"collection":[{"href":"https:\/\/majakenda.com\/sl\/wp-json\/wp\/v2\/pages"}],"about":[{"href":"https:\/\/majakenda.com\/sl\/wp-json\/wp\/v2\/types\/page"}],"author":[{"embeddable":true,"href":"https:\/\/majakenda.com\/sl\/wp-json\/wp\/v2\/users\/3"}],"replies":[{"embeddable":true,"href":"https:\/\/majakenda.com\/sl\/wp-json\/wp\/v2\/comments?post=14252"}],"version-history":[{"count":7,"href":"https:\/\/majakenda.com\/sl\/wp-json\/wp\/v2\/pages\/14252\/revisions"}],"predecessor-version":[{"id":14497,"href":"https:\/\/majakenda.com\/sl\/wp-json\/wp\/v2\/pages\/14252\/revisions\/14497"}],"wp:attachment":[{"href":"https:\/\/majakenda.com\/sl\/wp-json\/wp\/v2\/media?parent=14252"}],"curies":[{"name":"wp","href":"https:\/\/api.w.org\/{rel}","templated":true}]}}