{"id":14442,"date":"2026-03-09T16:42:04","date_gmt":"2026-03-09T16:42:04","guid":{"rendered":"https:\/\/majakenda.com\/the-water-process\/"},"modified":"2026-03-24T08:22:57","modified_gmt":"2026-03-24T08:22:57","slug":"vodni-proces","status":"publish","type":"page","link":"https:\/\/majakenda.com\/sl\/vodni-proces\/","title":{"rendered":"VODNI PROCES"},"content":{"rendered":"<p>[vc_row full_width=&#8221;stretch_row&#8221; parallax=&#8221;content-moving&#8221; parallax_image=&#8221;13256&#8243; parallax_speed_bg=&#8221;1&#8243; css=&#8221;.vc_custom_1773132060293{padding-top: 10% !important;padding-right: 10% !important;padding-bottom: 10% !important;padding-left: 10% !important;background-image: url(https:\/\/majakenda.com\/wp-content\/uploads\/2025\/04\/0U8A2831-scaled.jpg?id=12931) !important;}&#8221;][vc_column width=&#8221;1\/6&#8243;][\/vc_column][vc_column width=&#8221;2\/3&#8243;][vc_column_text]<\/p>\n<h1 class=\"uppercase mb0\" style=\"text-align: center;\">VODNI PROCES<\/h1>\n<p>[\/vc_column_text][\/vc_column][vc_column width=&#8221;1\/6&#8243;][\/vc_column][\/vc_row][vc_row css=&#8221;.vc_custom_1773844210666{margin-top: 5% !important;margin-bottom: 5% !important;padding-top: 7% !important;padding-right: 0px !important;padding-bottom: 0px !important;padding-left: 0px !important;}&#8221;][vc_column][vc_column_text]<\/p>\n<h3 style=\"text-align: center;\">Negovalna izku\u0161nja vode prinese globoko sprostitev, podpre \u010dustveno preto\u010dnost in ne\u017eno zgradi ob\u010dutek varnosti in zaupanja.<\/h3>\n<p>[\/vc_column_text][\/vc_column][\/vc_row][vc_row full_width=&#8221;stretch_row_content_no_spaces&#8221; content_placement=&#8221;middle&#8221; el_class=&#8221;vertikalcenter&#8221;][vc_column width=&#8221;1\/2&#8243;][vc_single_image image=&#8221;14445&#8243; img_size=&#8221;full&#8221;][\/vc_column][vc_column width=&#8221;1\/2&#8243; css=&#8221;.vc_custom_1772628906736{padding-top: 5% !important;padding-right: 5% !important;padding-bottom: 5% !important;padding-left: 5% !important;}&#8221;][vc_column_text]<\/p>\n<h3>PREPUSTI SE TOKU OPU\u0160\u010cANJA<\/h3>\n<p><mark>Nosilnost vode olaj\u0161a pritisk na sklepih, brezte\u017enost razbremeni hrbtenico,<\/mark> jo razteza in omeh\u010da mi\u0161i\u010dni oklep. Skupaj z mojo podporo, po\u010dasi za\u010dne\u0161 popu\u0161\u010dati prijem\u2014tako v umu kot v telesu.[\/vc_column_text][vc_btn title=&#8221;Po\u0161lji povpra\u0161evanje&#8221; style=&#8221;custom&#8221; custom_background=&#8221;#333333&#8243; custom_text=&#8221;#ffffff&#8221; shape=&#8221;square&#8221; link=&#8221;url:https%3A%2F%2Fmajakenda.com%2Fsl%2Fkontaktirajme%2F&#8221;][\/vc_column][\/vc_row][vc_row full_width=&#8221;stretch_row_content_no_spaces&#8221; equal_height=&#8221;yes&#8221; content_placement=&#8221;middle&#8221; el_class=&#8221;reversemobile vertikalcenter&#8221;][vc_column width=&#8221;1\/2&#8243; css=&#8221;.vc_custom_1772629045798{padding-top: 5% !important;padding-right: 10% !important;padding-bottom: 5% !important;padding-left: 10% !important;}&#8221;][vc_column_text]<\/p>\n<h3>\u010cUTNOST IN UGODJE TOPLE VODE<\/h3>\n<p><mark>Vodna terapija se ponavadi odvije v ogrevanem bazenu. <\/mark>Ko telo ne rabi vzdr\u017eevati temperature, se energija usmeri v obnovo in globoko sprostitev. Obseg gibov se pove\u010da in ne\u017eno raztezanje odpre telo onkraj njegovih obi\u010dajnih meja. Z dotikom, premikom in masa\u017eo vodim tvoje telo na povr\u0161ini in ob\u010dasno pod vodo (s sponko za nos). Teko\u010dnost gibov zaziblje hrbtenico, ta postane mehkej\u0161a in fleksibilna, kar omogo\u010di energiji, da prosto ste\u010de skozi tvoje telo.[\/vc_column_text][vc_raw_html]JTVCdGVzdGltb25pYWxfdmlldyUyMGlkJTNEJTIyMiUyMiUyMHBvc3RfaWRzJTNEJTIyMTQ1NDElMjIlNUQ=[\/vc_raw_html][\/vc_column][vc_column width=&#8221;1\/2&#8243;][vc_single_image image=&#8221;14135&#8243; img_size=&#8221;full&#8221;][\/vc_column][\/vc_row][vc_row full_width=&#8221;stretch_row_content_no_spaces&#8221; equal_height=&#8221;yes&#8221; content_placement=&#8221;middle&#8221; el_class=&#8221;vertikalcenter&#8221; css=&#8221;.vc_custom_1773224416657{margin-bottom: 0px !important;padding-bottom: 0px !important;}&#8221;][vc_column width=&#8221;1\/2&#8243;][vc_single_image image=&#8221;14255&#8243; img_size=&#8221;full&#8221; css=&#8221;.vc_custom_1773224470935{margin-bottom: 0px !important;}&#8221;][\/vc_column][vc_column width=&#8221;1\/2&#8243; css=&#8221;.vc_custom_1772629054607{padding-top: 5% !important;padding-right: 10% !important;padding-bottom: 5% !important;padding-left: 10% !important;}&#8221;][vc_column_text]<\/p>\n<h3>POT DO SPROSTITVE, KI JE \u0160E NISI DO\u017dIVELA<\/h3>\n<p><mark>Name\u0161\u010denost telesa in ritem gibanja v vodnem procesu spominja na ob\u010dutke, ki jih imamo kot plod v objemu maternice.<\/mark> Na\u0161 \u017eiv\u010dni sistem se na to odzove z lahkotnim prehodom iz simpati\u010dnega v parasimpati\u010dno stanje. Ta globoko negovalna in pomirjujo\u010da izku\u0161nja odpre ob\u010dutke notranje povezanosti in enosti z zunanjim svetom, z drugimi bitji, planetom in bo\u017eanskim. Ker \u010duti\u0161, da si varno podprt_a, da je zate poskrbljeno, se prebudi zaupanje v trenutek in spu\u0161\u010da\u0161 \u010dustva, ki te te\u017eijo ali niso na\u0161la poti naprej.[\/vc_column_text][\/vc_column][\/vc_row][vc_row full_width=&#8221;stretch_row_content_no_spaces&#8221; equal_height=&#8221;yes&#8221; content_placement=&#8221;middle&#8221; css=&#8221;.vc_custom_1773147747288{margin-top: 0px !important;padding-top: 5% !important;background-image: url(https:\/\/majakenda.com\/wp-content\/uploads\/2026\/02\/ozadje-roza-e1772190365506.png?id=13193) !important;background-position: center !important;background-repeat: no-repeat !important;background-size: cover !important;}&#8221; el_class=&#8221;vertikalcenter&#8221;][vc_column width=&#8221;1\/3&#8243;][\/vc_column][vc_column width=&#8221;1\/3&#8243; css=&#8221;.vc_custom_1772629054607{padding-top: 5% !important;padding-right: 10% !important;padding-bottom: 5% !important;padding-left: 10% !important;}&#8221;][vc_column_text css=&#8221;.vc_custom_1773844136464{margin-top: 5% !important;}&#8221;]<\/p>\n<h3 style=\"text-align: left;\">PRAKTI\u010cNE INFORMACIJE<\/h3>\n<p class=\"lead\" style=\"text-align: left;\">Individualne terapije odpiram v omejenem obsegu. Za rezervacijo termina oddaj povpra\u0161evanje.<\/p>\n<h5 style=\"text-align: left;\">Individualna tarifa: 150\u20ac<\/h5>\n<p>[\/vc_column_text][vc_btn title=&#8221;Po\u0161lji povpra\u0161evanje&#8221; style=&#8221;custom&#8221; custom_background=&#8221;#333333&#8243; custom_text=&#8221;#ffffff&#8221; shape=&#8221;square&#8221; align=&#8221;center&#8221; button_block=&#8221;true&#8221; link=&#8221;url:https%3A%2F%2Fmajakenda.com%2Fsl%2Fkontaktirajme%2F&#8221;][\/vc_column][vc_column width=&#8221;1\/3&#8243;][\/vc_column][\/vc_row][vc_row full_width=&#8221;stretch_row&#8221; css=&#8221;.vc_custom_1773468642593{margin-top: 5% !important;margin-bottom: 5% !important;background-position: center !important;background-repeat: no-repeat !important;background-size: cover !important;}&#8221;][vc_column][vc_row_inner][vc_column_inner][vc_column_text]<\/p>\n<h3 style=\"text-align: center;\">Izku\u0161nja, ki te pelje v ob\u010dutenje tvoje resnice je pot do notranjega vedenja in \u017eivljenja, ki je resni\u010dno tvoje. Ne sposojeno, ne ponovljeno, ne prevzeto.<\/h3>\n<p>[\/vc_column_text][\/vc_column_inner][\/vc_row_inner][\/vc_column][\/vc_row]<\/p>\n","protected":false},"excerpt":{"rendered":"<p>[vc_row full_width=&#8221;stretch_row&#8221; parallax=&#8221;content-moving&#8221; parallax_image=&#8221;13256&#8243; parallax_speed_bg=&#8221;1&#8243; css=&#8221;.vc_custom_1773132060293{padding-top: 10% !important;padding-right: 10% !important;padding-bottom: 10% !important;padding-left: 10% !important;background-image: url(https:\/\/majakenda.com\/wp-content\/uploads\/2025\/04\/0U8A2831-scaled.jpg?id=12931) !important;}&#8221;][vc_column width=&#8221;1\/6&#8243;][\/vc_column][vc_column width=&#8221;2\/3&#8243;][vc_column_text] VODNI PROCES [\/vc_column_text][\/vc_column][vc_column width=&#8221;1\/6&#8243;][\/vc_column][\/vc_row][vc_row css=&#8221;.vc_custom_1773844210666{margin-top: 5% !important;margin-bottom: 5% !important;padding-top: 7% !important;padding-right: 0px !important;padding-bottom: 0px !important;padding-left: 0px !important;}&#8221;][vc_column][vc_column_text] Negovalna izku\u0161nja vode prinese globoko sprostitev, podpre \u010dustveno preto\u010dnost in ne\u017eno zgradi ob\u010dutek varnosti in zaupanja. [\/vc_column_text][\/vc_column][\/vc_row][vc_row full_width=&#8221;stretch_row_content_no_spaces&#8221; content_placement=&#8221;middle&#8221; el_class=&#8221;vertikalcenter&#8221;][vc_column [&hellip;]<\/p>\n","protected":false},"author":3,"featured_media":0,"parent":0,"menu_order":0,"comment_status":"closed","ping_status":"closed","template":"","meta":{"_uag_custom_page_level_css":"","footnotes":""},"class_list":["post-14442","page","type-page","status-publish","hentry"],"uagb_featured_image_src":{"full":false,"thumbnail":false,"medium":false,"medium_large":false,"large":false,"1536x1536":false,"2048x2048":false,"widget-thumbnail":false,"blog-full":false,"admin-list-thumb":false,"woocommerce_thumbnail":false,"woocommerce_single":false,"woocommerce_gallery_thumbnail":false},"uagb_author_info":{"display_name":"maja","author_link":"https:\/\/majakenda.com\/sl\/author\/maja\/"},"uagb_comment_info":0,"uagb_excerpt":"[vc_row full_width=&#8221;stretch_row&#8221; parallax=&#8221;content-moving&#8221; parallax_image=&#8221;13256&#8243; parallax_speed_bg=&#8221;1&#8243; css=&#8221;.vc_custom_1773132060293{padding-top: 10% !important;padding-right: 10% !important;padding-bottom: 10% !important;padding-left: 10% !important;background-image: url(https:\/\/majakenda.com\/wp-content\/uploads\/2025\/04\/0U8A2831-scaled.jpg?id=12931) !important;}&#8221;][vc_column width=&#8221;1\/6&#8243;][\/vc_column][vc_column width=&#8221;2\/3&#8243;][vc_column_text] VODNI PROCES [\/vc_column_text][\/vc_column][vc_column width=&#8221;1\/6&#8243;][\/vc_column][\/vc_row][vc_row css=&#8221;.vc_custom_1773844210666{margin-top: 5% !important;margin-bottom: 5% !important;padding-top: 7% !important;padding-right: 0px !important;padding-bottom: 0px !important;padding-left: 0px !important;}&#8221;][vc_column][vc_column_text] Negovalna izku\u0161nja vode prinese globoko sprostitev, podpre \u010dustveno preto\u010dnost in ne\u017eno zgradi ob\u010dutek varnosti in zaupanja. [\/vc_column_text][\/vc_column][\/vc_row][vc_row full_width=&#8221;stretch_row_content_no_spaces&#8221; content_placement=&#8221;middle&#8221; el_class=&#8221;vertikalcenter&#8221;][vc_column&hellip;","_links":{"self":[{"href":"https:\/\/majakenda.com\/sl\/wp-json\/wp\/v2\/pages\/14442","targetHints":{"allow":["GET"]}}],"collection":[{"href":"https:\/\/majakenda.com\/sl\/wp-json\/wp\/v2\/pages"}],"about":[{"href":"https:\/\/majakenda.com\/sl\/wp-json\/wp\/v2\/types\/page"}],"author":[{"embeddable":true,"href":"https:\/\/majakenda.com\/sl\/wp-json\/wp\/v2\/users\/3"}],"replies":[{"embeddable":true,"href":"https:\/\/majakenda.com\/sl\/wp-json\/wp\/v2\/comments?post=14442"}],"version-history":[{"count":5,"href":"https:\/\/majakenda.com\/sl\/wp-json\/wp\/v2\/pages\/14442\/revisions"}],"predecessor-version":[{"id":14542,"href":"https:\/\/majakenda.com\/sl\/wp-json\/wp\/v2\/pages\/14442\/revisions\/14542"}],"wp:attachment":[{"href":"https:\/\/majakenda.com\/sl\/wp-json\/wp\/v2\/media?parent=14442"}],"curies":[{"name":"wp","href":"https:\/\/api.w.org\/{rel}","templated":true}]}}