{"id":14605,"date":"2026-04-07T07:01:25","date_gmt":"2026-04-07T07:01:25","guid":{"rendered":"https:\/\/majakenda.com\/?page_id=14605"},"modified":"2026-04-07T07:27:43","modified_gmt":"2026-04-07T07:27:43","slug":"prijava","status":"publish","type":"page","link":"https:\/\/majakenda.com\/sl\/oddihi\/bali\/prijava\/","title":{"rendered":"Bali \u201cUglasitev zate\u201d &#8211; prijava"},"content":{"rendered":"<p>[vc_row full_width=&#8221;stretch_row&#8221; css=&#8221;.vc_custom_1773148872384{margin-bottom: 0px !important;padding-top: 15vh !important;padding-bottom: 15vh !important;background-image: url(https:\/\/majakenda.com\/wp-content\/uploads\/2026\/03\/2a1332a9-e170-42a2-ad71-e864632d2dc2.jpeg?id=13542) !important;background-position: center !important;background-repeat: no-repeat !important;background-size: cover !important;}&#8221; el_class=&#8221;belapisava&#8221;][vc_column width=&#8221;1\/6&#8243;][\/vc_column][vc_column width=&#8221;2\/3&#8243;][vc_column_text]<\/p>\n<h1 class=\"uppercase mb0\" style=\"text-align: center;\">Bali<br \/>\n\u201cUglasitev nase\u201d<\/h1>\n<h3 style=\"text-align: center;\">Kdaj: 8.\u201322. november 2026<\/h3>\n<p>[\/vc_column_text][\/vc_column][vc_column width=&#8221;1\/6&#8243;][\/vc_column][\/vc_row][vc_row full_width=&#8221;stretch_row&#8221; equal_height=&#8221;yes&#8221; content_placement=&#8221;middle&#8221; el_class=&#8221;nomarginmobile topmargin40&#8243; css=&#8221;.vc_custom_1775545263015{margin-top: 0px !important;margin-bottom: 0px !important;border-top-width: 0px !important;border-bottom-width: 0px !important;padding-top: 2% !important;padding-right: 5% !important;padding-bottom: 5% !important;padding-left: 5% !important;background-image: url(https:\/\/majakenda.com\/wp-content\/uploads\/2026\/02\/ozadje-roza-e1772190365506.png?id=13193) !important;background-position: center !important;background-repeat: no-repeat !important;background-size: cover !important;}&#8221;][vc_column width=&#8221;1\/4&#8243;][\/vc_column][vc_column width=&#8221;1\/2&#8243;][vc_column_text]<\/p>\n<h2 style=\"text-align: center;\">PRIJAVA:<\/h2>\n<p>Tvoje mesto na potovanju je rezervirano s pla\u010dilom 1. obroka v znesku 500 EUR, ki ga je potrebno poravnati v roku enega tedna po prijavi.<\/p>\n<p>Ko prejmem tvoje pla\u010dilo, ti po\u0161ljem vse dodatne in podrobnej\u0161e informacije, ki ti bodo pomagale pri pripravi na potovanje.[\/vc_column_text]\n<div class=\"wpcf7 no-js\" id=\"wpcf7-f13206-o1\" lang=\"en-US\" dir=\"ltr\" data-wpcf7-id=\"13206\">\n<div class=\"screen-reader-response\"><p role=\"status\" aria-live=\"polite\" aria-atomic=\"true\"><\/p> <ul><\/ul><\/div>\n<form action=\"\/sl\/wp-json\/wp\/v2\/pages\/14605#wpcf7-f13206-o1\" method=\"post\" class=\"wpcf7-form init\" aria-label=\"Contact form\" novalidate=\"novalidate\" data-status=\"init\">\n<fieldset class=\"hidden-fields-container\"><input type=\"hidden\" name=\"_wpcf7\" value=\"13206\" \/><input type=\"hidden\" name=\"_wpcf7_version\" value=\"6.1.5\" \/><input type=\"hidden\" name=\"_wpcf7_locale\" value=\"en_US\" \/><input type=\"hidden\" name=\"_wpcf7_unit_tag\" value=\"wpcf7-f13206-o1\" \/><input type=\"hidden\" name=\"_wpcf7_container_post\" value=\"0\" \/><input type=\"hidden\" name=\"_wpcf7_posted_data_hash\" value=\"\" \/>\n<\/fieldset>\n<div class=\"wpcf7-turnstile cf-turnstile\" data-sitekey=\"0x4AAAAAAC2PaiWc73Cg5_R3\" data-response-field-name=\"_wpcf7_turnstile_response\"><\/div>\n\n<p><label> Ime*<br \/>\n<span class=\"wpcf7-form-control-wrap\" data-name=\"your-name\"><input size=\"40\" maxlength=\"400\" class=\"wpcf7-form-control wpcf7-text wpcf7-validates-as-required\" aria-required=\"true\" aria-invalid=\"false\" value=\"\" type=\"text\" name=\"your-name\" \/><\/span> <\/label>\n<\/p>\n<p><label>E-mail*<br \/>\n<span class=\"wpcf7-form-control-wrap\" data-name=\"your-email\"><input size=\"40\" maxlength=\"400\" class=\"wpcf7-form-control wpcf7-email wpcf7-validates-as-required wpcf7-text wpcf7-validates-as-email\" aria-required=\"true\" aria-invalid=\"false\" value=\"\" type=\"email\" name=\"your-email\" \/><\/span> <\/label>\n<\/p>\n<p><label>Mi \u017eeli\u0161 \u0161e kaj sporo\u010diti?<br \/>\n<span class=\"wpcf7-form-control-wrap\" data-name=\"your-message\"><textarea cols=\"40\" rows=\"10\" maxlength=\"2000\" class=\"wpcf7-form-control wpcf7-textarea\" aria-invalid=\"false\" name=\"your-message\"><\/textarea><\/span> <\/label>\n<\/p>\n<p><span class=\"wpcf7-form-control-wrap\" data-name=\"acceptance-512\"><span class=\"wpcf7-form-control wpcf7-acceptance\"><span class=\"wpcf7-list-item\"><label><input type=\"checkbox\" name=\"acceptance-512\" value=\"1\" aria-invalid=\"false\" \/><span class=\"wpcf7-list-item-label\">Sogla\u0161am, da to spletno mesto shrani moje posredovane podatke, da se lahko odzove na moje povpra\u0161evanje.<\/span><\/label><\/span><\/span><\/span><br \/>\n<input class=\"wpcf7-form-control wpcf7-submit has-spinner\" type=\"submit\" value=\"Prijavljam se na Bali \u201cUglasitev\u201d\" \/>\n<\/p><p style=\"display: none !important;\" class=\"akismet-fields-container\" data-prefix=\"_wpcf7_ak_\"><label>&#916;<textarea name=\"_wpcf7_ak_hp_textarea\" cols=\"45\" rows=\"8\" maxlength=\"100\"><\/textarea><\/label><input type=\"hidden\" id=\"ak_js_1\" name=\"_wpcf7_ak_js\" value=\"206\"\/><script>document.getElementById( \"ak_js_1\" ).setAttribute( \"value\", ( new Date() ).getTime() );<\/script><\/p><input type='hidden' class='wpcf7-pum' value='{\"closepopup\":false,\"closedelay\":0,\"openpopup\":false,\"openpopup_id\":0}' \/><div class=\"wpcf7-response-output\" aria-hidden=\"true\"><\/div>\n<\/form>\n<\/div>\n[\/vc_column][vc_column width=&#8221;1\/4&#8243;][\/vc_column][\/vc_row]<\/p>\n","protected":false},"excerpt":{"rendered":"<p>[vc_row full_width=&#8221;stretch_row&#8221; css=&#8221;.vc_custom_1773148872384{margin-bottom: 0px !important;padding-top: 15vh !important;padding-bottom: 15vh !important;background-image: url(https:\/\/majakenda.com\/wp-content\/uploads\/2026\/03\/2a1332a9-e170-42a2-ad71-e864632d2dc2.jpeg?id=13542) !important;background-position: center !important;background-repeat: no-repeat !important;background-size: cover !important;}&#8221; el_class=&#8221;belapisava&#8221;][vc_column width=&#8221;1\/6&#8243;][\/vc_column][vc_column width=&#8221;2\/3&#8243;][vc_column_text] Bali \u201cUglasitev nase\u201d Kdaj: 8.\u201322. november 2026 [\/vc_column_text][\/vc_column][vc_column width=&#8221;1\/6&#8243;][\/vc_column][\/vc_row][vc_row full_width=&#8221;stretch_row&#8221; equal_height=&#8221;yes&#8221; content_placement=&#8221;middle&#8221; el_class=&#8221;nomarginmobile topmargin40&#8243; css=&#8221;.vc_custom_1775545263015{margin-top: 0px !important;margin-bottom: 0px !important;border-top-width: 0px !important;border-bottom-width: 0px !important;padding-top: 2% !important;padding-right: 5% !important;padding-bottom: 5% !important;padding-left: 5% !important;background-image: url(https:\/\/majakenda.com\/wp-content\/uploads\/2026\/02\/ozadje-roza-e1772190365506.png?id=13193) !important;background-position: center !important;background-repeat: [&hellip;]<\/p>\n","protected":false},"author":3,"featured_media":0,"parent":14032,"menu_order":0,"comment_status":"closed","ping_status":"closed","template":"","meta":{"_uag_custom_page_level_css":"","footnotes":""},"class_list":["post-14605","page","type-page","status-publish","hentry"],"uagb_featured_image_src":{"full":false,"thumbnail":false,"medium":false,"medium_large":false,"large":false,"1536x1536":false,"2048x2048":false,"widget-thumbnail":false,"blog-full":false,"admin-list-thumb":false,"woocommerce_thumbnail":false,"woocommerce_single":false,"woocommerce_gallery_thumbnail":false},"uagb_author_info":{"display_name":"maja","author_link":"https:\/\/majakenda.com\/sl\/author\/maja\/"},"uagb_comment_info":0,"uagb_excerpt":"[vc_row full_width=&#8221;stretch_row&#8221; css=&#8221;.vc_custom_1773148872384{margin-bottom: 0px !important;padding-top: 15vh !important;padding-bottom: 15vh !important;background-image: url(https:\/\/majakenda.com\/wp-content\/uploads\/2026\/03\/2a1332a9-e170-42a2-ad71-e864632d2dc2.jpeg?id=13542) !important;background-position: center !important;background-repeat: no-repeat !important;background-size: cover !important;}&#8221; el_class=&#8221;belapisava&#8221;][vc_column width=&#8221;1\/6&#8243;][\/vc_column][vc_column width=&#8221;2\/3&#8243;][vc_column_text] Bali \u201cUglasitev nase\u201d Kdaj: 8.\u201322. november 2026 [\/vc_column_text][\/vc_column][vc_column width=&#8221;1\/6&#8243;][\/vc_column][\/vc_row][vc_row full_width=&#8221;stretch_row&#8221; equal_height=&#8221;yes&#8221; content_placement=&#8221;middle&#8221; el_class=&#8221;nomarginmobile topmargin40&#8243; css=&#8221;.vc_custom_1775545263015{margin-top: 0px !important;margin-bottom: 0px !important;border-top-width: 0px !important;border-bottom-width: 0px !important;padding-top: 2% !important;padding-right: 5% !important;padding-bottom: 5% !important;padding-left: 5% !important;background-image: url(https:\/\/majakenda.com\/wp-content\/uploads\/2026\/02\/ozadje-roza-e1772190365506.png?id=13193) !important;background-position: center !important;background-repeat:&hellip;","_links":{"self":[{"href":"https:\/\/majakenda.com\/sl\/wp-json\/wp\/v2\/pages\/14605","targetHints":{"allow":["GET"]}}],"collection":[{"href":"https:\/\/majakenda.com\/sl\/wp-json\/wp\/v2\/pages"}],"about":[{"href":"https:\/\/majakenda.com\/sl\/wp-json\/wp\/v2\/types\/page"}],"author":[{"embeddable":true,"href":"https:\/\/majakenda.com\/sl\/wp-json\/wp\/v2\/users\/3"}],"replies":[{"embeddable":true,"href":"https:\/\/majakenda.com\/sl\/wp-json\/wp\/v2\/comments?post=14605"}],"version-history":[{"count":6,"href":"https:\/\/majakenda.com\/sl\/wp-json\/wp\/v2\/pages\/14605\/revisions"}],"predecessor-version":[{"id":14614,"href":"https:\/\/majakenda.com\/sl\/wp-json\/wp\/v2\/pages\/14605\/revisions\/14614"}],"up":[{"embeddable":true,"href":"https:\/\/majakenda.com\/sl\/wp-json\/wp\/v2\/pages\/14032"}],"wp:attachment":[{"href":"https:\/\/majakenda.com\/sl\/wp-json\/wp\/v2\/media?parent=14605"}],"curies":[{"name":"wp","href":"https:\/\/api.w.org\/{rel}","templated":true}]}}